{"id":3019,"date":"2016-08-11T19:56:08","date_gmt":"2016-08-11T16:56:08","guid":{"rendered":"http:\/\/infodanismanlik.com\/tr\/?page_id=3019"},"modified":"2016-08-11T20:24:11","modified_gmt":"2016-08-11T17:24:11","slug":"steel-electrical-panels-cabins-and-boxes","status":"publish","type":"page","link":"https:\/\/infodanismanlik.com\/tr\/steel-electrical-panels-cabins-and-boxes\/","title":{"rendered":"\u00c7EL\u0130K ELEKTR\u0130K PANOLARI, KAB\u0130NLER VE KUTULAR"},"content":{"rendered":"<p>[vc_row][vc_column][vc_column_text]Uluslararas\u0131 standartlara uygun olarak \u00fcretilen, i\u00e7 mekan ve d\u0131\u015f mekanlarda kullan\u0131ma uygun, \u00e7elik elektrik panolar\u0131 ve kabin gruplar\u0131m\u0131z \u015funlard\u0131r:<\/p>\n<p>Duvar Tipi Panolar, Dikili Tip Panolar, Da\u011f\u0131t\u0131m Panolar\u0131, Kompanzasyon Panolar\u0131, Elektronik Sistem Kabinleri, Konsol Sistemleri, Makine Kabinleri.[\/vc_column_text][\/vc_column][\/vc_row][vc_row][vc_column][vc_column_text]<img loading=\"lazy\" decoding=\"async\" class=\"aligncenter wp-image-3027\" src=\"http:\/\/infodanismanlik.com\/wp-content\/uploads\/2016\/08\/makine-panosub.jpg\" alt=\"makine panosub\" width=\"400\" height=\"337\" srcset=\"https:\/\/infodanismanlik.com\/wp-content\/uploads\/2016\/08\/makine-panosub.jpg 500w, https:\/\/infodanismanlik.com\/wp-content\/uploads\/2016\/08\/makine-panosub-300x253.jpg 300w\" sizes=\"(max-width: 400px) 100vw, 400px\" \/>[\/vc_column_text][\/vc_column][\/vc_row]<\/p>\n","protected":false},"excerpt":{"rendered":"<p>[vc_row][vc_column][vc_column_text]Uluslararas\u0131 standartlara uygun olarak \u00fcretilen, i\u00e7 mekan ve d\u0131\u015f mekanlarda kullan\u0131ma uygun, \u00e7elik elektrik panolar\u0131 ve kabin gruplar\u0131m\u0131z \u015funlard\u0131r: Duvar Tipi Panolar, Dikili Tip Panolar, Da\u011f\u0131t\u0131m Panolar\u0131, Kompanzasyon Panolar\u0131, Elektronik Sistem Kabinleri, Konsol Sistemleri, Makine Kabinleri.[\/vc_column_text][\/vc_column][\/vc_row][vc_row][vc_column][vc_column_text][\/vc_column_text][\/vc_column][\/vc_row]<\/p>\n","protected":false},"author":1,"featured_media":0,"parent":0,"menu_order":0,"comment_status":"closed","ping_status":"closed","template":"","meta":{"footnotes":""},"_links":{"self":[{"href":"https:\/\/infodanismanlik.com\/tr\/wp-json\/wp\/v2\/pages\/3019"}],"collection":[{"href":"https:\/\/infodanismanlik.com\/tr\/wp-json\/wp\/v2\/pages"}],"about":[{"href":"https:\/\/infodanismanlik.com\/tr\/wp-json\/wp\/v2\/types\/page"}],"author":[{"embeddable":true,"href":"https:\/\/infodanismanlik.com\/tr\/wp-json\/wp\/v2\/users\/1"}],"replies":[{"embeddable":true,"href":"https:\/\/infodanismanlik.com\/tr\/wp-json\/wp\/v2\/comments?post=3019"}],"version-history":[{"count":3,"href":"https:\/\/infodanismanlik.com\/tr\/wp-json\/wp\/v2\/pages\/3019\/revisions"}],"predecessor-version":[{"id":3030,"href":"https:\/\/infodanismanlik.com\/tr\/wp-json\/wp\/v2\/pages\/3019\/revisions\/3030"}],"wp:attachment":[{"href":"https:\/\/infodanismanlik.com\/tr\/wp-json\/wp\/v2\/media?parent=3019"}],"curies":[{"name":"wp","href":"https:\/\/api.w.org\/{rel}","templated":true}]}}