{"id":2793,"date":"2016-07-12T01:14:06","date_gmt":"2016-07-11T22:14:06","guid":{"rendered":"http:\/\/infodanismanlik.com\/?page_id=2793"},"modified":"2016-08-11T19:32:06","modified_gmt":"2016-08-11T16:32:06","slug":"ductile-iron-pipes","status":"publish","type":"page","link":"https:\/\/infodanismanlik.com\/tr\/ductile-iron-pipes\/","title":{"rendered":"D\u00dcKT\u0130L DEM\u0130R BORULAR"},"content":{"rendered":"<p>[vc_row][vc_column][vc_column_text]<img loading=\"lazy\" decoding=\"async\" class=\" wp-image-2723 alignleft\" src=\"http:\/\/infodanismanlik.com\/wp-content\/uploads\/2016\/07\/Jilin-Logo-300x132.png\" alt=\"Jilin Logo\" width=\"340\" height=\"150\" srcset=\"https:\/\/infodanismanlik.com\/wp-content\/uploads\/2016\/07\/Jilin-Logo-300x132.png 300w, https:\/\/infodanismanlik.com\/wp-content\/uploads\/2016\/07\/Jilin-Logo-768x339.png 768w, https:\/\/infodanismanlik.com\/wp-content\/uploads\/2016\/07\/Jilin-Logo-1024x452.png 1024w, https:\/\/infodanismanlik.com\/wp-content\/uploads\/2016\/07\/Jilin-Logo.png 1070w\" sizes=\"(max-width: 340px) 100vw, 340px\" \/>INFO \u00e7ap\u0131 DN80 den DN2400 e kadar olan d\u00fcktil borular\u0131, ISO2531, BS EN545\/598, AWWA C110, C153 &amp; C219 vb. ye g\u00f6re \u00fcretilen her t\u00fcr ba\u011flant\u0131 tipleri ile sunmaktad\u0131r. Kaliteli \u00fcr\u00fcnlerimiz i\u00e7mesuyu boru hatlar\u0131ndan drenaj sistemleri ve do\u011fal gaz nakil hatlar\u0131na kadar \u00c7in, Orta Do\u011fu, Kuzey Amerika, Afrika ve G\u00fcney Do\u011fu Asya\u2019daki bir\u00e7ok projede kullan\u0131lm\u0131\u015ft\u0131r.<\/p>\n<p>Jilin Senfeng , SGS taraf\u0131ndan verilen ISO 9001:2008, TUV taraf\u0131ndan verilen ISO2531, BS EN545\/598 ve WRAS taraf\u0131ndan verilen BS6920-1 sertifikalar\u0131na onay alm\u0131\u015ft\u0131r.[\/vc_column_text]<div class=\"splitter ninzio-clearfix solid\" style=\"margin-top:20px; margin-bottom:20px;\">&nbsp;<\/div>[vc_column_text]<\/p>\n<p style=\"text-align: center;\"><a href=\"http:\/\/infodanismanlik.com\/jilin-senfeng-pipe\/jilin-sertifikalar\/\" rel=\"attachment wp-att-2724\"><img loading=\"lazy\" decoding=\"async\" class=\"aligncenter wp-image-2724 size-medium_large\" src=\"http:\/\/infodanismanlik.com\/wp-content\/uploads\/2016\/07\/Jilin-Sertifikalar-768x174.png\" alt=\"Jilin Sertifikalar\" width=\"768\" height=\"174\" srcset=\"https:\/\/infodanismanlik.com\/wp-content\/uploads\/2016\/07\/Jilin-Sertifikalar-768x174.png 768w, https:\/\/infodanismanlik.com\/wp-content\/uploads\/2016\/07\/Jilin-Sertifikalar-300x68.png 300w, https:\/\/infodanismanlik.com\/wp-content\/uploads\/2016\/07\/Jilin-Sertifikalar-1024x232.png 1024w, https:\/\/infodanismanlik.com\/wp-content\/uploads\/2016\/07\/Jilin-Sertifikalar.png 1277w\" sizes=\"(max-width: 768px) 100vw, 768px\" \/><\/a><\/p>\n<p>[\/vc_column_text]<div class=\"splitter ninzio-clearfix solid\" style=\"margin-top:20px; margin-bottom:20px;\">&nbsp;<\/div>[vc_column_text]<\/p>\n<p><a href=\"http:\/\/infodanismanlik.com\/jilin-senfeng-pipe\/jilin-uretim-standartlari\/\" rel=\"attachment wp-att-2725\"><img loading=\"lazy\" decoding=\"async\" class=\"aligncenter wp-image-2725 size-medium_large\" src=\"http:\/\/infodanismanlik.com\/wp-content\/uploads\/2016\/07\/Jilin-\u00dcretim-Standartlar\u0131-768x52.png\" alt=\"Jilin \u00dcretim Standartlar\u0131\" width=\"768\" height=\"52\" srcset=\"https:\/\/infodanismanlik.com\/wp-content\/uploads\/2016\/07\/Jilin-\u00dcretim-Standartlar\u0131-768x52.png 768w, https:\/\/infodanismanlik.com\/wp-content\/uploads\/2016\/07\/Jilin-\u00dcretim-Standartlar\u0131-300x20.png 300w, https:\/\/infodanismanlik.com\/wp-content\/uploads\/2016\/07\/Jilin-\u00dcretim-Standartlar\u0131-1024x69.png 1024w, https:\/\/infodanismanlik.com\/wp-content\/uploads\/2016\/07\/Jilin-\u00dcretim-Standartlar\u0131.png 1144w\" sizes=\"(max-width: 768px) 100vw, 768px\" \/><\/a><\/p>\n<p>[\/vc_column_text][\/vc_column][\/vc_row]<\/p>\n","protected":false},"excerpt":{"rendered":"<p>[vc_row][vc_column][vc_column_text]INFO \u00e7ap\u0131 DN80 den DN2400 e kadar olan d\u00fcktil borular\u0131, ISO2531, BS EN545\/598, AWWA C110, C153 &amp; C219 vb. ye g\u00f6re \u00fcretilen her t\u00fcr ba\u011flant\u0131 tipleri ile sunmaktad\u0131r. Kaliteli \u00fcr\u00fcnlerimiz i\u00e7mesuyu boru hatlar\u0131ndan drenaj sistemleri ve do\u011fal gaz nakil hatlar\u0131na kadar \u00c7in, Orta Do\u011fu, Kuzey Amerika, Afrika ve G\u00fcney Do\u011fu Asya\u2019daki bir\u00e7ok projede kullan\u0131lm\u0131\u015ft\u0131r. Jilin [&hellip;]<\/p>\n","protected":false},"author":1,"featured_media":0,"parent":0,"menu_order":0,"comment_status":"closed","ping_status":"closed","template":"","meta":{"footnotes":""},"_links":{"self":[{"href":"https:\/\/infodanismanlik.com\/tr\/wp-json\/wp\/v2\/pages\/2793"}],"collection":[{"href":"https:\/\/infodanismanlik.com\/tr\/wp-json\/wp\/v2\/pages"}],"about":[{"href":"https:\/\/infodanismanlik.com\/tr\/wp-json\/wp\/v2\/types\/page"}],"author":[{"embeddable":true,"href":"https:\/\/infodanismanlik.com\/tr\/wp-json\/wp\/v2\/users\/1"}],"replies":[{"embeddable":true,"href":"https:\/\/infodanismanlik.com\/tr\/wp-json\/wp\/v2\/comments?post=2793"}],"version-history":[{"count":4,"href":"https:\/\/infodanismanlik.com\/tr\/wp-json\/wp\/v2\/pages\/2793\/revisions"}],"predecessor-version":[{"id":3016,"href":"https:\/\/infodanismanlik.com\/tr\/wp-json\/wp\/v2\/pages\/2793\/revisions\/3016"}],"wp:attachment":[{"href":"https:\/\/infodanismanlik.com\/tr\/wp-json\/wp\/v2\/media?parent=2793"}],"curies":[{"name":"wp","href":"https:\/\/api.w.org\/{rel}","templated":true}]}}