{"id":2782,"date":"2016-07-17T16:09:00","date_gmt":"2016-07-17T13:09:00","guid":{"rendered":"http:\/\/infodanismanlik.com\/bestar-steel-2\/"},"modified":"2016-08-11T18:14:04","modified_gmt":"2016-08-11T15:14:04","slug":"steel-pipes","status":"publish","type":"page","link":"https:\/\/infodanismanlik.com\/tr\/steel-pipes\/","title":{"rendered":"\u00c7EL\u0130K BORULAR"},"content":{"rendered":"<p>[vc_row][vc_column][vc_column_text]<img loading=\"lazy\" decoding=\"async\" class=\" wp-image-2752 alignleft\" src=\"http:\/\/infodanismanlik.com\/wp-content\/uploads\/2015\/12\/bestar.jpg\" alt=\"bestar\" width=\"121\" height=\"48\" \/><\/p>\n<p><img loading=\"lazy\" decoding=\"async\" class=\" wp-image-2713 alignright\" src=\"http:\/\/infodanismanlik.com\/wp-content\/uploads\/2016\/07\/Huayou75.png\" alt=\"Huayou75\" width=\"136\" height=\"44\" \/>\u0130NFO, diki\u015fli ve diki\u015fsiz \u00e7elik boru \u00fcreticileri BESTAR \u00a0ve HUAYOU firmalar\u0131n\u0131n T\u00fcrkiye tek temsilcisidir. BESTAR, karbonlu \u00e7elik ala\u015f\u0131m\u0131ndan petrol &amp; gaz borular\u0131, bas\u0131n\u00e7l\u0131 borular ve mekanik borular \u00fcretmektedir.<br \/>\nHUAYOU, 1000 den fazla \u00fcr\u00fcn \u00e7e\u015fitlili\u011fine sahip olup GB, ASTM\/ASME, API, DIN, EN, JIS, BS ve di\u011fer boru s\u0131n\u0131flar\u0131n\u0131 \u00fcretmektedir.[\/vc_column_text][vc_empty_space][vc_column_text animate=&#8221;yes&#8221; animation=&#8221;fade&#8221;]<img loading=\"lazy\" decoding=\"async\" class=\"size-medium wp-image-2777 alignnone\" src=\"http:\/\/infodanismanlik.com\/wp-content\/uploads\/2016\/07\/bestarProduct3-300x139.jpg\" alt=\"bestarProduct3\" width=\"300\" height=\"139\" srcset=\"https:\/\/infodanismanlik.com\/wp-content\/uploads\/2016\/07\/bestarProduct3-300x139.jpg 300w, https:\/\/infodanismanlik.com\/wp-content\/uploads\/2016\/07\/bestarProduct3-768x356.jpg 768w, https:\/\/infodanismanlik.com\/wp-content\/uploads\/2016\/07\/bestarProduct3-1024x475.jpg 1024w, https:\/\/infodanismanlik.com\/wp-content\/uploads\/2016\/07\/bestarProduct3.jpg 1040w\" sizes=\"(max-width: 300px) 100vw, 300px\" \/><img loading=\"lazy\" decoding=\"async\" class=\"size-medium wp-image-2776 alignnone\" src=\"http:\/\/infodanismanlik.com\/wp-content\/uploads\/2016\/07\/bestarProduct2-300x137.jpg\" alt=\"bestarProduct2\" width=\"300\" height=\"137\" srcset=\"https:\/\/infodanismanlik.com\/wp-content\/uploads\/2016\/07\/bestarProduct2-300x137.jpg 300w, https:\/\/infodanismanlik.com\/wp-content\/uploads\/2016\/07\/bestarProduct2-768x350.jpg 768w, https:\/\/infodanismanlik.com\/wp-content\/uploads\/2016\/07\/bestarProduct2-1024x467.jpg 1024w, https:\/\/infodanismanlik.com\/wp-content\/uploads\/2016\/07\/bestarProduct2.jpg 1040w\" sizes=\"(max-width: 300px) 100vw, 300px\" \/><img loading=\"lazy\" decoding=\"async\" class=\"wp-image-2773 size-medium alignnone\" src=\"http:\/\/infodanismanlik.com\/wp-content\/uploads\/2016\/07\/bestarProduct-300x153.jpg\" alt=\"bestarProduct\" width=\"300\" height=\"153\" srcset=\"https:\/\/infodanismanlik.com\/wp-content\/uploads\/2016\/07\/bestarProduct-300x153.jpg 300w, https:\/\/infodanismanlik.com\/wp-content\/uploads\/2016\/07\/bestarProduct-768x391.jpg 768w, https:\/\/infodanismanlik.com\/wp-content\/uploads\/2016\/07\/bestarProduct-1024x522.jpg 1024w, https:\/\/infodanismanlik.com\/wp-content\/uploads\/2016\/07\/bestarProduct.jpg 1040w\" sizes=\"(max-width: 300px) 100vw, 300px\" \/>[\/vc_column_text][\/vc_column][\/vc_row]<\/p>\n","protected":false},"excerpt":{"rendered":"<p>[vc_row][vc_column][vc_column_text] \u0130NFO, diki\u015fli ve diki\u015fsiz \u00e7elik boru \u00fcreticileri BESTAR \u00a0ve HUAYOU firmalar\u0131n\u0131n T\u00fcrkiye tek temsilcisidir. BESTAR, karbonlu \u00e7elik ala\u015f\u0131m\u0131ndan petrol &amp; gaz borular\u0131, bas\u0131n\u00e7l\u0131 borular ve mekanik borular \u00fcretmektedir. HUAYOU, 1000 den fazla \u00fcr\u00fcn \u00e7e\u015fitlili\u011fine sahip olup GB, ASTM\/ASME, API, DIN, EN, JIS, BS ve di\u011fer boru s\u0131n\u0131flar\u0131n\u0131 \u00fcretmektedir.[\/vc_column_text][vc_empty_space][vc_column_text animate=&#8221;yes&#8221; animation=&#8221;fade&#8221;][\/vc_column_text][\/vc_column][\/vc_row]<\/p>\n","protected":false},"author":1,"featured_media":0,"parent":0,"menu_order":0,"comment_status":"closed","ping_status":"closed","template":"","meta":{"footnotes":""},"_links":{"self":[{"href":"https:\/\/infodanismanlik.com\/tr\/wp-json\/wp\/v2\/pages\/2782"}],"collection":[{"href":"https:\/\/infodanismanlik.com\/tr\/wp-json\/wp\/v2\/pages"}],"about":[{"href":"https:\/\/infodanismanlik.com\/tr\/wp-json\/wp\/v2\/types\/page"}],"author":[{"embeddable":true,"href":"https:\/\/infodanismanlik.com\/tr\/wp-json\/wp\/v2\/users\/1"}],"replies":[{"embeddable":true,"href":"https:\/\/infodanismanlik.com\/tr\/wp-json\/wp\/v2\/comments?post=2782"}],"version-history":[{"count":6,"href":"https:\/\/infodanismanlik.com\/tr\/wp-json\/wp\/v2\/pages\/2782\/revisions"}],"predecessor-version":[{"id":2784,"href":"https:\/\/infodanismanlik.com\/tr\/wp-json\/wp\/v2\/pages\/2782\/revisions\/2784"}],"wp:attachment":[{"href":"https:\/\/infodanismanlik.com\/tr\/wp-json\/wp\/v2\/media?parent=2782"}],"curies":[{"name":"wp","href":"https:\/\/api.w.org\/{rel}","templated":true}]}}