{"id":2473,"date":"2015-11-28T14:52:36","date_gmt":"2015-11-28T12:52:36","guid":{"rendered":"http:\/\/hurkanyakay.com\/info\/projects-2\/"},"modified":"2016-01-10T23:00:34","modified_gmt":"2016-01-10T21:00:34","slug":"projects","status":"publish","type":"page","link":"https:\/\/infodanismanlik.com\/tr\/projects\/","title":{"rendered":"Projeler"},"content":{"rendered":"<p>[vc_row][vc_column width=&#8221;1\/1&#8243;]<div class=\"splitter ninzio-clearfix solid\" style=\"margin-top:20px; margin-bottom:20px;\">&nbsp;<\/div><div id=\"recent-portfolio-1\" class=\"child-element-shortcode recent-portfolio v2 image-grid animate-yes ninzio-clearfix grid_3\"><div class=\"post hentry ninzio-clearfix\" data-grid=\"ninzio_01\"><div class=\"ninzio-thumbnail\"><img loading=\"lazy\" decoding=\"async\" width=\"600\" height=\"480\" src=\"https:\/\/infodanismanlik.com\/wp-content\/uploads\/2015\/02\/ASO-2.-Organize-Sanayi-Altyap\u0131s\u0131-Genel-G\u00f6r\u00fcn\u00fcm-600x480.jpg\" class=\"attachment-Ninzio-Half size-Ninzio-Half wp-post-image\" alt=\"\" \/><div class=\"ninzio-overlay with-content\"><div class=\"ninzio-overlay-content\"><h3 class=\"post-title entry-title\"><a href=\"https:\/\/infodanismanlik.com\/tr\/portfolio\/ankara-aso-2-organize-san-bol-alt-yapilari-insaati\/\">ANKARA ASO 2. ORGAN\u0130ZE SAN. B\u00d6L. ALT YAPILARI \u0130N\u015eAATI<\/a><\/h3><div class=\"project-category\"><a href=\"https:\/\/infodanismanlik.com\/tr\/portfolio-category\/gaz-boru-hatlari-ve-prms\/\">GAZ BORU HATLARI VE PRMS<\/a><span class=\"comma\">, <\/span><a href=\"https:\/\/infodanismanlik.com\/tr\/portfolio-category\/kanalizasyon-sistemleri\/\">KANAL\u0130ZASYON S\u0130STEMLER\u0130<\/a><span class=\"comma\">, <\/span><a href=\"https:\/\/infodanismanlik.com\/tr\/portfolio-category\/projeler\/\">PROJELER<\/a><span class=\"comma\">, <\/span><a href=\"https:\/\/infodanismanlik.com\/tr\/portfolio-category\/su-temin-sistemleri\/\">SU TEM\u0130N S\u0130STEMLER\u0130<\/a><span class=\"comma\">, <\/span><a href=\"https:\/\/infodanismanlik.com\/tr\/portfolio-category\/yol-insaatlari\/\">YOL \u0130N\u015eAATLARI<\/a><span class=\"comma\">, <\/span><\/div><div class=\"hidden\"><span class=\"date updated\">2015-02-16<\/span><span class=\"vcard author\"><span class=\"fn\">INFO Consulting Engineering<\/span><\/span><\/div><\/div><a class=\"dark-ninzio-more\" href=\"https:\/\/infodanismanlik.com\/tr\/portfolio\/ankara-aso-2-organize-san-bol-alt-yapilari-insaati\/\">&nbsp;<\/a><\/div><\/div><\/div><div class=\"post hentry ninzio-clearfix\" data-grid=\"ninzio_01\"><div class=\"ninzio-thumbnail\"><img loading=\"lazy\" decoding=\"async\" width=\"600\" height=\"480\" src=\"https:\/\/infodanismanlik.com\/wp-content\/uploads\/2015\/02\/\u0130stanbul-Melen-\u0130\u00e7mesuyu-Boru-Hatt\u0131-2-600x480.jpg\" class=\"attachment-Ninzio-Half size-Ninzio-Half wp-post-image\" alt=\"\" \/><div class=\"ninzio-overlay with-content\"><div class=\"ninzio-overlay-content\"><h3 class=\"post-title entry-title\"><a href=\"https:\/\/infodanismanlik.com\/tr\/portfolio\/istanbul-icmesuyu-projesi-melen-boru-hatti-insaati\/\">\u0130STANBUL \u0130\u00c7MESUYU PROJES\u0130  MELEN BORU HATTI \u0130N\u015eAATI<\/a><\/h3><div class=\"project-category\"><a href=\"https:\/\/infodanismanlik.com\/tr\/portfolio-category\/projeler\/\">PROJELER<\/a><span class=\"comma\">, <\/span><a href=\"https:\/\/infodanismanlik.com\/tr\/portfolio-category\/su-temin-sistemleri\/\">SU TEM\u0130N S\u0130STEMLER\u0130<\/a><span class=\"comma\">, <\/span><\/div><div class=\"hidden\"><span class=\"date updated\">2015-02-19<\/span><span class=\"vcard author\"><span class=\"fn\">INFO Consulting Engineering<\/span><\/span><\/div><\/div><a class=\"dark-ninzio-more\" href=\"https:\/\/infodanismanlik.com\/tr\/portfolio\/istanbul-icmesuyu-projesi-melen-boru-hatti-insaati\/\">&nbsp;<\/a><\/div><\/div><\/div><div class=\"post hentry ninzio-clearfix\" data-grid=\"ninzio_01\"><div class=\"ninzio-thumbnail\"><img loading=\"lazy\" decoding=\"async\" width=\"600\" height=\"480\" src=\"https:\/\/infodanismanlik.com\/wp-content\/uploads\/2015\/02\/G\u00fcd\u00fcl-HES-Santral-Binas\u0131-\u00c7elik-\u0130malatlar\u0131-Yap\u0131lmas\u0131-600x480.jpg\" class=\"attachment-Ninzio-Half size-Ninzio-Half wp-post-image\" alt=\"\" \/><div class=\"ninzio-overlay with-content\"><div class=\"ninzio-overlay-content\"><h3 class=\"post-title entry-title\"><a href=\"https:\/\/infodanismanlik.com\/tr\/portfolio\/malatya-gudul1-2-hes-dizayn-ve-insaati\/\">MALATYA G\u00dcD\u00dcL1-2 HES D\u0130ZAYN VE \u0130N\u015eAATI<\/a><\/h3><div class=\"project-category\"><a href=\"https:\/\/infodanismanlik.com\/tr\/portfolio-category\/dams-tr\/\">BARAJLAR<\/a><span class=\"comma\">, <\/span><a href=\"https:\/\/infodanismanlik.com\/tr\/portfolio-category\/celik-imalatlari\/\">\u00c7EL\u0130K \u0130MALATLARI<\/a><span class=\"comma\">, <\/span><a href=\"https:\/\/infodanismanlik.com\/tr\/portfolio-category\/enerji\/\">ENERJI<\/a><span class=\"comma\">, <\/span><a href=\"https:\/\/infodanismanlik.com\/tr\/portfolio-category\/projeler\/\">PROJELER<\/a><span class=\"comma\">, <\/span><\/div><div class=\"hidden\"><span class=\"date updated\">2015-02-19<\/span><span class=\"vcard author\"><span class=\"fn\">INFO Consulting Engineering<\/span><\/span><\/div><\/div><a class=\"dark-ninzio-more\" href=\"https:\/\/infodanismanlik.com\/tr\/portfolio\/malatya-gudul1-2-hes-dizayn-ve-insaati\/\">&nbsp;<\/a><\/div><\/div><\/div><div class=\"post hentry ninzio-clearfix\" data-grid=\"ninzio_01\"><div class=\"ninzio-thumbnail\"><img loading=\"lazy\" decoding=\"async\" width=\"600\" height=\"480\" src=\"https:\/\/infodanismanlik.com\/wp-content\/uploads\/2015\/02\/Ordu-Atilla-HES-T2-T\u00fcneli-Giri\u015fi-600x480.jpg\" class=\"attachment-Ninzio-Half size-Ninzio-Half wp-post-image\" alt=\"\" \/><div class=\"ninzio-overlay with-content\"><div class=\"ninzio-overlay-content\"><h3 class=\"post-title entry-title\"><a href=\"https:\/\/infodanismanlik.com\/tr\/portfolio\/ordu-atilla-hes-dizayn-ve-insaati\/\">ORDU AT\u0130LLA HES D\u0130ZAYN VE \u0130N\u015eAATI<\/a><\/h3><div class=\"project-category\"><a href=\"https:\/\/infodanismanlik.com\/tr\/portfolio-category\/dams-tr\/\">BARAJLAR<\/a><span class=\"comma\">, <\/span><a href=\"https:\/\/infodanismanlik.com\/tr\/portfolio-category\/enerji\/\">ENERJI<\/a><span class=\"comma\">, <\/span><a href=\"https:\/\/infodanismanlik.com\/tr\/portfolio-category\/projeler\/\">PROJELER<\/a><span class=\"comma\">, <\/span><\/div><div class=\"hidden\"><span class=\"date updated\">2015-02-19<\/span><span class=\"vcard author\"><span class=\"fn\">INFO Consulting Engineering<\/span><\/span><\/div><\/div><a class=\"dark-ninzio-more\" href=\"https:\/\/infodanismanlik.com\/tr\/portfolio\/ordu-atilla-hes-dizayn-ve-insaati\/\">&nbsp;<\/a><\/div><\/div><\/div><div class=\"post hentry ninzio-clearfix\" data-grid=\"ninzio_01\"><div class=\"ninzio-thumbnail\"><img loading=\"lazy\" decoding=\"async\" width=\"600\" height=\"480\" src=\"https:\/\/infodanismanlik.com\/wp-content\/uploads\/2015\/02\/Vezirk\u00f6pr\u00fc-Sulamas\u0131-CTP-Ana-Boru-Hatt\u0131-\u0130n\u015faas\u0131-600x480.jpg\" class=\"attachment-Ninzio-Half size-Ninzio-Half wp-post-image\" alt=\"\" \/><div class=\"ninzio-overlay with-content\"><div class=\"ninzio-overlay-content\"><h3 class=\"post-title entry-title\"><a href=\"https:\/\/infodanismanlik.com\/tr\/portfolio\/samsun-vezirkopru-ovasi-sulamasi\/\">SAMSUN VEZ\u0130RK\u00d6PR\u00dc OVASI SULAMASI<\/a><\/h3><div class=\"project-category\"><a href=\"https:\/\/infodanismanlik.com\/tr\/portfolio-category\/ova-sulamalari\/\">OVA SULAMALARI<\/a><span class=\"comma\">, <\/span><a href=\"https:\/\/infodanismanlik.com\/tr\/portfolio-category\/projeler\/\">PROJELER<\/a><span class=\"comma\">, <\/span><\/div><div class=\"hidden\"><span class=\"date updated\">2015-02-19<\/span><span class=\"vcard author\"><span class=\"fn\">INFO Consulting Engineering<\/span><\/span><\/div><\/div><a class=\"dark-ninzio-more\" href=\"https:\/\/infodanismanlik.com\/tr\/portfolio\/samsun-vezirkopru-ovasi-sulamasi\/\">&nbsp;<\/a><\/div><\/div><\/div><div class=\"post hentry ninzio-clearfix\" data-grid=\"ninzio_01\"><div class=\"ninzio-thumbnail\"><img loading=\"lazy\" decoding=\"async\" width=\"600\" height=\"480\" src=\"https:\/\/infodanismanlik.com\/wp-content\/uploads\/2015\/02\/Samsun-Vezirk\u00f6pr\u00fc-Baraj\u0131-Genel-G\u00f6r\u00fcn\u00fcm\u00fc-1-600x480.jpg\" class=\"attachment-Ninzio-Half size-Ninzio-Half wp-post-image\" alt=\"\" \/><div class=\"ninzio-overlay with-content\"><div class=\"ninzio-overlay-content\"><h3 class=\"post-title entry-title\"><a href=\"https:\/\/infodanismanlik.com\/tr\/portfolio\/vezirkopru-dam\/\">VEZ\u0130RK\u00d6PR\u00dc BARAJI<\/a><\/h3><div class=\"project-category\"><a href=\"https:\/\/infodanismanlik.com\/tr\/portfolio-category\/dams-tr\/\">BARAJLAR<\/a><span class=\"comma\">, <\/span><a href=\"https:\/\/infodanismanlik.com\/tr\/portfolio-category\/projeler\/\">PROJELER<\/a><span class=\"comma\">, <\/span><\/div><div class=\"hidden\"><span class=\"date updated\">2015-02-16<\/span><span class=\"vcard author\"><span class=\"fn\">INFO Consulting Engineering<\/span><\/span><\/div><\/div><a class=\"dark-ninzio-more\" href=\"https:\/\/infodanismanlik.com\/tr\/portfolio\/vezirkopru-dam\/\">&nbsp;<\/a><\/div><\/div><\/div><\/div>[\/vc_column][\/vc_row]<\/p>\n","protected":false},"excerpt":{"rendered":"<p>[vc_row][vc_column width=&#8221;1\/1&#8243;][\/vc_column][\/vc_row]<\/p>\n","protected":false},"author":1,"featured_media":0,"parent":0,"menu_order":0,"comment_status":"closed","ping_status":"closed","template":"","meta":{"footnotes":""},"_links":{"self":[{"href":"https:\/\/infodanismanlik.com\/tr\/wp-json\/wp\/v2\/pages\/2473"}],"collection":[{"href":"https:\/\/infodanismanlik.com\/tr\/wp-json\/wp\/v2\/pages"}],"about":[{"href":"https:\/\/infodanismanlik.com\/tr\/wp-json\/wp\/v2\/types\/page"}],"author":[{"embeddable":true,"href":"https:\/\/infodanismanlik.com\/tr\/wp-json\/wp\/v2\/users\/1"}],"replies":[{"embeddable":true,"href":"https:\/\/infodanismanlik.com\/tr\/wp-json\/wp\/v2\/comments?post=2473"}],"version-history":[{"count":3,"href":"https:\/\/infodanismanlik.com\/tr\/wp-json\/wp\/v2\/pages\/2473\/revisions"}],"predecessor-version":[{"id":2475,"href":"https:\/\/infodanismanlik.com\/tr\/wp-json\/wp\/v2\/pages\/2473\/revisions\/2475"}],"wp:attachment":[{"href":"https:\/\/infodanismanlik.com\/tr\/wp-json\/wp\/v2\/media?parent=2473"}],"curies":[{"name":"wp","href":"https:\/\/api.w.org\/{rel}","templated":true}]}}