{"id":2471,"date":"2015-12-07T14:24:48","date_gmt":"2015-12-07T12:24:48","guid":{"rendered":"http:\/\/hurkanyakay.com\/info\/products-2\/"},"modified":"2016-07-17T16:30:18","modified_gmt":"2016-07-17T13:30:18","slug":"yuksek-guvenlikli-kayar-kapi","status":"publish","type":"page","link":"https:\/\/infodanismanlik.com\/tr\/yuksek-guvenlikli-kayar-kapi\/","title":{"rendered":"Y\u00fcksek G\u00fcvenlikli Kayar Kap\u0131"},"content":{"rendered":"<p>[vc_row][vc_column width=&#8221;2\/3&#8243;][vc_column_text padding=&#8221;0px 0px 0px 0px&#8221; animate=&#8221;no&#8221; animation=&#8221;none&#8221;]Ter\u00f6r ve bomba sald\u0131r\u0131lar\u0131na kar\u015f\u0131 g\u00fcvenlik gerektiren petrol sahalar\u0131, \u015fantiyeler ve el\u00e7iliklerde kullan\u0131lan &#8220;Y\u00fcksek G\u00fcvenlikli Kayar Kap\u0131&#8221;lar\u0131n \u00fcretimi ve ihracat\u0131.<\/p>\n<p>Elektrikle \u00e7al\u0131\u015fan \u00e7elik kayar kap\u0131lar.<\/p>\n<p>EPC \u2013\u00a0M\u00fchendislik, Temin, \u0130n\u015faat<\/p>\n<div id=\"col_one_half_1\" class=\"shortcode col one_half last-no\">\n<p>Lokasyon 1\u00a0:\u00a0Garraf Oil Field \u2013 Basra \u2013 IRAK<\/p>\n<p>M\u00fc\u015fteri\u00a01:\u00a0Chevron\u00a0Petrol<\/p>\n<blockquote><p>Geni\u015flik: 9.50m<\/p>\n<p>Y\u00fckseklik: 5.25m<\/p>\n<p>A\u011f\u0131rl\u0131k: 10300 kg x 4 Par\u00e7a<\/p><\/blockquote>\n<\/div>\n<div id=\"col_one_half_2\" class=\"shortcode col one_half last-yes\">\n<p>Lokasyon 2 :\u00a0Majnoon Petrol\u00a0\u2013 Basra \u2013 IRAK<\/p>\n<p>M\u00fc\u015fteri 2 :\u00a0PETRONAS Petrol<\/p>\n<blockquote><p>Geni\u015flik:\u00a014,70 m.<\/p>\n<p>Y\u00fckseklik:\u00a04,25 m.<\/p>\n<p>A\u011f\u0131rl\u0131k:\u00a015150 kg. x 6 Par\u00e7a<\/p><\/blockquote>\n<\/div><span class=\"inline-ninzio-clearfix\"><\/span>[\/vc_column_text][\/vc_column][vc_column width=&#8221;1\/3&#8243; last=&#8221;yes&#8221;][vc_column_text padding=&#8221;0px 0px 0px 0px&#8221; animate=&#8221;no&#8221; animation=&#8221;none&#8221;]<\/p>\n<p><img loading=\"lazy\" decoding=\"async\" class=\" aligncenter\" src=\"http:\/\/hurkanyakay.com\/info\/wp-content\/uploads\/2015\/02\/1450-m-A%C3%A7%C4%B1kl%C4%B1k-i%C3%A7in-G%C3%BCvenlik-Kap%C4%B1s%C4%B1-%C4%B0%C3%87.jpg\" alt=\"\" width=\"490\" height=\"160\" \/><\/p>\n<p>[\/vc_column_text]<div class=\"splitter ninzio-clearfix solid\" style=\"margin-top:20px; margin-bottom:20px;\">&nbsp;<\/div>[vc_column_text padding=&#8221;0px 0px 0px 0px&#8221; animate=&#8221;no&#8221; animation=&#8221;none&#8221;]<\/p>\n<p><img loading=\"lazy\" decoding=\"async\" class=\" aligncenter\" src=\"http:\/\/hurkanyakay.com\/info\/wp-content\/uploads\/2015\/02\/900-m-A%C3%A7%C4%B1kl%C4%B1kl%C4%B1-Kap%C4%B1-1024x768.jpg\" alt=\"\" width=\"436\" height=\"327\" \/><\/p>\n<p>[\/vc_column_text][\/vc_column][\/vc_row]<\/p>\n","protected":false},"excerpt":{"rendered":"<p>[vc_row][vc_column width=&#8221;2\/3&#8243;][vc_column_text padding=&#8221;0px 0px 0px 0px&#8221; animate=&#8221;no&#8221; animation=&#8221;none&#8221;]Ter\u00f6r ve bomba sald\u0131r\u0131lar\u0131na kar\u015f\u0131 g\u00fcvenlik gerektiren petrol sahalar\u0131, \u015fantiyeler ve el\u00e7iliklerde kullan\u0131lan &#8220;Y\u00fcksek G\u00fcvenlikli Kayar Kap\u0131&#8221;lar\u0131n \u00fcretimi ve ihracat\u0131. Elektrikle \u00e7al\u0131\u015fan \u00e7elik kayar kap\u0131lar. EPC \u2013\u00a0M\u00fchendislik, Temin, \u0130n\u015faat [\/vc_column_text][\/vc_column][vc_column width=&#8221;1\/3&#8243; last=&#8221;yes&#8221;][vc_column_text padding=&#8221;0px 0px 0px 0px&#8221; animate=&#8221;no&#8221; animation=&#8221;none&#8221;] [\/vc_column_text][vc_column_text padding=&#8221;0px 0px 0px 0px&#8221; animate=&#8221;no&#8221; animation=&#8221;none&#8221;] [\/vc_column_text][\/vc_column][\/vc_row]<\/p>\n","protected":false},"author":1,"featured_media":0,"parent":0,"menu_order":0,"comment_status":"closed","ping_status":"closed","template":"","meta":{"footnotes":""},"_links":{"self":[{"href":"https:\/\/infodanismanlik.com\/tr\/wp-json\/wp\/v2\/pages\/2471"}],"collection":[{"href":"https:\/\/infodanismanlik.com\/tr\/wp-json\/wp\/v2\/pages"}],"about":[{"href":"https:\/\/infodanismanlik.com\/tr\/wp-json\/wp\/v2\/types\/page"}],"author":[{"embeddable":true,"href":"https:\/\/infodanismanlik.com\/tr\/wp-json\/wp\/v2\/users\/1"}],"replies":[{"embeddable":true,"href":"https:\/\/infodanismanlik.com\/tr\/wp-json\/wp\/v2\/comments?post=2471"}],"version-history":[{"count":15,"href":"https:\/\/infodanismanlik.com\/tr\/wp-json\/wp\/v2\/pages\/2471\/revisions"}],"predecessor-version":[{"id":2590,"href":"https:\/\/infodanismanlik.com\/tr\/wp-json\/wp\/v2\/pages\/2471\/revisions\/2590"}],"wp:attachment":[{"href":"https:\/\/infodanismanlik.com\/tr\/wp-json\/wp\/v2\/media?parent=2471"}],"curies":[{"name":"wp","href":"https:\/\/api.w.org\/{rel}","templated":true}]}}