{"id":2469,"date":"2015-12-07T14:17:20","date_gmt":"2015-12-07T12:17:20","guid":{"rendered":"http:\/\/hurkanyakay.com\/info\/consultancy-2\/"},"modified":"2018-12-31T14:10:16","modified_gmt":"2018-12-31T11:10:16","slug":"consultancy","status":"publish","type":"page","link":"https:\/\/infodanismanlik.com\/tr\/consultancy\/","title":{"rendered":"WLW + EUROPAGES"},"content":{"rendered":"<p>[vc_row][vc_column width=&#8221;1\/2&#8243;][vc_row_inner][vc_column_inner width=&#8221;1\/3&#8243;][vc_column_text]<img loading=\"lazy\" decoding=\"async\" class=\"size-full wp-image-3222 alignright\" src=\"http:\/\/infodanismanlik.com\/wp-content\/uploads\/2018\/10\/EPLogo.png\" alt=\"\" width=\"64\" height=\"64\" \/>[\/vc_column_text][\/vc_column_inner][vc_column_inner width=&#8221;2\/3&#8243; last=&#8221;yes&#8221;][vc_column_text]<\/p>\n<h2><a href=\"http:\/\/www.europages.com\/\"><img loading=\"lazy\" decoding=\"async\" class=\"aligncenter size-full wp-image-3077\" src=\"http:\/\/infodanismanlik.com\/wp-content\/uploads\/2014\/04\/europages-official-partner.png\" alt=\"europages official partner\" width=\"616\" height=\"152\" srcset=\"https:\/\/infodanismanlik.com\/wp-content\/uploads\/2014\/04\/europages-official-partner.png 616w, https:\/\/infodanismanlik.com\/wp-content\/uploads\/2014\/04\/europages-official-partner-300x74.png 300w\" sizes=\"(max-width: 616px) 100vw, 616px\" \/><br \/>\n<\/a><\/h2>\n<p><strong>INFO, EUROPAGES &amp; WLW T\u00fcrkiye yetkili temsilcisidir.<\/strong> EUROPAGES, 26 dilde yay\u0131nlanan Avrupa merkezli bir B2B platformudur. \u00dcreticiler, hizmet sa\u011flay\u0131c\u0131lar, toptanc\u0131lar ve distirib\u00fct\u00f6rler olmak \u00fczere 2,5 milyondan fazla kay\u0131tl\u0131 i\u015fletme bulunmaktad\u0131r. D\u00fcnyan\u0131n her k\u00f6\u015fesinden, ayda 2 milyondan fazla ziyaret\u00e7i \u00fcr\u00fcn, hizmet ve tedarik\u00e7i bulmak i\u00e7in bu platformu kullanmaktad\u0131r.<\/p>\n<p>AYRINTILI B\u0130LG\u0130 \u0130\u00c7\u0130N BAKINIZ:<\/p>\n<p><a href=\"http:\/\/infodanismanlik.com\/wp-content\/uploads\/2018\/12\/WLW-EUROPAGES-U\u0308stu\u0308nlu\u0308kleri.pdf\">WLW + EUROPAGES \u00dcST\u00dcNL\u00dcKLER\u0130<\/a><\/p>\n<p><a href=\"http:\/\/infodanismanlik.com\/wp-content\/uploads\/2017\/10\/EUROPAGES-NEDI\u0307R-KI\u0307MLER-I\u0307C\u0327I\u0307NDI\u0307R.pdf\">EUROPAGES NED\u0130R, K\u0130MLER \u0130\u00c7\u0130ND\u0130R ?<\/a><\/p>\n<p><a href=\"http:\/\/infodanismanlik.com\/wp-content\/uploads\/2017\/10\/2017_EntryMulti_EN.pdf\">EUROPAGES TOPLU \u00dcYEL\u0130K PAKET \u0130\u00c7ER\u0130\u011e\u0130<\/a><\/p>\n<p><a href=\"http:\/\/infodanismanlik.com\/wp-content\/uploads\/2017\/10\/Bakanl\u0131k-Sunumu-ETicaret-Sitelerine-Toplu-U\u0308yelik-Desteg\u0306i-10.02.2017.pdf\">BAKANLIK SUNUMU &#8211; E-Ticaret Sitelerine Toplu \u00dcyelik Deste\u011fi<\/a><\/p>\n<p>&nbsp;<\/p>\n<p><a href=\"http:\/\/infodanismanlik.com\/wp-content\/uploads\/2017\/10\/EUROPAGES-2017-TU\u0308RKC\u0327E-SUNUM.pdf\">EUROPAGES SUNUM<\/a>[\/vc_column_text]<div class=\"video-embed shortcode\" style=\"\"><div class=\"flex-mod\"><iframe src=\"http:\/\/player.vimeo.com\/video\/90003074\" class=\"iframevideo\"><\/iframe><\/div><\/div>[\/vc_column_inner][\/vc_row_inner][vc_row_inner][vc_column_inner width=&#8221;1\/3&#8243;][vc_column_text]<\/p>\n<p style=\"text-align: right;\"><img loading=\"lazy\" decoding=\"async\" class=\"alignright wp-image-2505 size-full\" src=\"http:\/\/infodanismanlik.com\/wp-content\/uploads\/2018\/09\/wlw_basislogo.jpg\" alt=\"Settings\" width=\"64\" height=\"64\" \/><\/p>\n<p>[\/vc_column_text][\/vc_column_inner][vc_column_inner width=&#8221;2\/3&#8243; last=&#8221;yes&#8221;][vc_column_text]Wer liefert was (wlw), Almanya, Avusturya ve \u0130svi\u00e7re&#8217;de lider online B2B pazar yeridir. WLW, milyonlarca \u00fcr\u00fcn ve hizmeti profesyonel sat\u0131n almac\u0131lara sunar. Her ay, yakla\u015f\u0131k 540,000 tedarik\u00e7i, \u00fcretici, distrib\u00fct\u00f6r ve hizmet sa\u011flay\u0131c\u0131 wlw.de, wlw.at ve wlw.ch \u00fczerinden 1.3 milyon al\u0131c\u0131 ile temasa ge\u00e7er.[\/vc_column_text][\/vc_column_inner][\/vc_row_inner][vc_row_inner][vc_column_inner width=&#8221;1\/3&#8243;][\/vc_column_inner][vc_column_inner width=&#8221;2\/3&#8243;][\/vc_column_inner][\/vc_row_inner][\/vc_column][vc_column width=&#8221;1\/2&#8243; last=&#8221;yes&#8221;][vc_row_inner][vc_column_inner width=&#8221;1\/3&#8243;][vc_column_text]<\/p>\n<p><img loading=\"lazy\" decoding=\"async\" class=\"alignright wp-image-2506 size-full\" src=\"http:\/\/infodanismanlik.com\/wp-content\/uploads\/2015\/12\/Bar-Chart-e1486064351767.png\" alt=\"Bar Chart\" width=\"62\" height=\"64\" \/><\/p>\n<p>[\/vc_column_text][\/vc_column_inner][vc_column_inner width=&#8221;2\/3&#8243; last=&#8221;yes&#8221;][vc_column_text]<\/p>\n<h2>Pazar Ara\u015ft\u0131rmas\u0131<\/h2>\n<p>Sekt\u00f6rel Pazar ara\u015ft\u0131rmas\u0131 raporlar\u0131 haz\u0131rlanmaktad\u0131r. Ba\u015far\u0131l\u0131 bir i\u015f i\u00e7in iyi bir pazar ara\u015ft\u0131rmas\u0131 gereklidir. \u00c7al\u0131\u015faca\u011f\u0131n\u0131z alan\u0131 anlamak, rakipleri iyi tan\u0131mak ve onlar\u0131n ne yapt\u0131\u011f\u0131n\u0131 bilmek \u00f6nemlidir. Do\u011fru pazar ara\u015ft\u0131rmas\u0131, hedeflenen faaliyet alan\u0131 ile ilgili yanl\u0131\u015f kararlar verilmesini engeller.<\/p>\n<p>[\/vc_column_text][\/vc_column_inner][\/vc_row_inner][vc_row_inner][vc_column_inner width=&#8221;1\/3&#8243;][vc_column_text]<\/p>\n<p><img loading=\"lazy\" decoding=\"async\" class=\"alignright wp-image-2504 size-full\" src=\"http:\/\/infodanismanlik.com\/wp-content\/uploads\/2015\/12\/Address-Book.png\" alt=\"Address Book\" width=\"64\" height=\"64\" \/><\/p>\n<p>[\/vc_column_text][\/vc_column_inner][vc_column_inner width=&#8221;2\/3&#8243; last=&#8221;yes&#8221;][vc_column_text]<\/p>\n<h2>\u0130thalat-\u0130hracat<\/h2>\n<p>\u0130thalat ve ihracat i\u015fi ile u\u011fra\u015fan firmalara global pazarda hizmetler sunar\u0131z. K\u00fc\u00e7\u00fck ve orta \u00f6l\u00e7ekli i\u015fletmelerin \u00fcr\u00fcnlerini d\u00fcnyaya tan\u0131tma konusunda tecr\u00fcbeliyiz.<\/p>\n<p>&nbsp;<\/p>\n<p>[\/vc_column_text][\/vc_column_inner][\/vc_row_inner][vc_row_inner][vc_column_inner width=&#8221;1\/3&#8243;][vc_column_text]<\/p>\n<p><img loading=\"lazy\" decoding=\"async\" class=\"alignright wp-image-2529 size-full\" src=\"http:\/\/infodanismanlik.com\/wp-content\/uploads\/2015\/12\/Box.png\" alt=\"Box\" width=\"64\" height=\"64\" \/><\/p>\n<p>[\/vc_column_text][\/vc_column_inner][vc_column_inner width=&#8221;2\/3&#8243; last=&#8221;yes&#8221;][vc_column_text]<\/p>\n<h2 id=\"translation\" class=\"textinput textlayer translation state-fadeaway\" tabindex=\"1\"><span class=\"translation-chunk\" data-align=\"92:112\">D\u0131\u015f Ticaret<\/span><\/h2>\n<p class=\"textinput textlayer translation state-fadeaway\" tabindex=\"1\">\u00d6zel tasar\u0131m end\u00fcstriyel \u00fcr\u00fcnlerin sat\u0131\u015f\u0131n\u0131 ve yabanc\u0131 \u015firketlerin\u00a0temsilcili\u011fini D\u0131\u015f Ticaret Grubumuz y\u00fcr\u00fctmektedir. T\u00fcrkiye temsilcilikleri bulunan baz\u0131 \u00fcr\u00fcnler: \u00c7elik Boru (\u00c7in), \u0130letken (Hindistan) ve Yak\u0131t Temizleme Sistemleri \u2013 Fuel Polishing (Hollanda).<br \/>\nHizmet ve kaliteye \u00f6nem vererek m\u00fc\u015fteri memnuniyetini en \u00fcst seviyede tutmak amac\u0131m\u0131zd\u0131r.<\/p>\n<p>[\/vc_column_text][\/vc_column_inner][\/vc_row_inner][vc_row_inner][vc_column_inner width=&#8221;1\/3&#8243;][\/vc_column_inner][vc_column_inner width=&#8221;2\/3&#8243;]<div class=\"splitter ninzio-clearfix solid\" style=\"margin-top:20px; margin-bottom:20px;\">&nbsp;<\/div>[vc_column_text]<\/p>\n<h3 style=\"text-align: center;\">\u0130hracat \/ E-Ticaret Devlet Destekleri Ba\u015fvuru Formu<\/h3>\n<p>[\/vc_column_text]\n<div class=\"wpcf7 no-js\" id=\"wpcf7-f3157-o1\" lang=\"tr-TR\" dir=\"ltr\">\n<div class=\"screen-reader-response\"><p role=\"status\" aria-live=\"polite\" aria-atomic=\"true\"><\/p> <ul><\/ul><\/div>\n<form action=\"\/tr\/wp-json\/wp\/v2\/pages\/2469#wpcf7-f3157-o1\" method=\"post\" class=\"wpcf7-form init\" aria-label=\"Contact form\" novalidate=\"novalidate\" data-status=\"init\">\n<div style=\"display: none;\">\n<input type=\"hidden\" name=\"_wpcf7\" value=\"3157\" \/>\n<input type=\"hidden\" name=\"_wpcf7_version\" value=\"5.9\" \/>\n<input type=\"hidden\" name=\"_wpcf7_locale\" value=\"tr_TR\" \/>\n<input type=\"hidden\" name=\"_wpcf7_unit_tag\" value=\"wpcf7-f3157-o1\" \/>\n<input type=\"hidden\" name=\"_wpcf7_container_post\" value=\"0\" \/>\n<input type=\"hidden\" name=\"_wpcf7_posted_data_hash\" value=\"\" \/>\n<\/div>\n<p>Ad Soyad\n<\/p>\n<p><span class=\"wpcf7-form-control-wrap\" data-name=\"your-name\"><input size=\"40\" class=\"wpcf7-form-control wpcf7-text wpcf7-validates-as-required\" aria-required=\"true\" aria-invalid=\"false\" value=\"\" type=\"text\" name=\"your-name\" \/><\/span>\n<\/p>\n<p>Firma Ad\u0131\n<\/p>\n<p><span class=\"wpcf7-form-control-wrap\" data-name=\"your-subject\"><input size=\"40\" class=\"wpcf7-form-control wpcf7-text wpcf7-validates-as-required\" aria-required=\"true\" aria-invalid=\"false\" value=\"\" type=\"text\" name=\"your-subject\" \/><\/span>\n<\/p>\n<p>E-Posta\n<\/p>\n<p><span class=\"wpcf7-form-control-wrap\" data-name=\"your-email\"><input size=\"40\" class=\"wpcf7-form-control wpcf7-email wpcf7-validates-as-required wpcf7-text wpcf7-validates-as-email\" aria-required=\"true\" aria-invalid=\"false\" value=\"\" type=\"email\" name=\"your-email\" \/><\/span>\n<\/p>\n<p>Telefon Numaras\u0131\n<\/p>\n<p><span class=\"wpcf7-form-control-wrap\" data-name=\"tel-857\"><input size=\"40\" class=\"wpcf7-form-control wpcf7-tel wpcf7-text wpcf7-validates-as-tel\" aria-invalid=\"false\" value=\"\" type=\"tel\" name=\"tel-857\" \/><\/span>\n<\/p>\n<p><input class=\"wpcf7-form-control wpcf7-submit has-spinner\" type=\"submit\" value=\"G\u00f6nder\" \/>\n<\/p><p style=\"display: none !important;\" class=\"akismet-fields-container\" data-prefix=\"_wpcf7_ak_\"><label>&#916;<textarea name=\"_wpcf7_ak_hp_textarea\" cols=\"45\" rows=\"8\" maxlength=\"100\"><\/textarea><\/label><input type=\"hidden\" id=\"ak_js_1\" name=\"_wpcf7_ak_js\" value=\"154\"\/><script>document.getElementById( \"ak_js_1\" ).setAttribute( \"value\", ( new Date() ).getTime() );<\/script><\/p><div class=\"wpcf7-response-output\" aria-hidden=\"true\"><\/div>\n<\/form>\n<\/div>\n[\/vc_column_inner][\/vc_row_inner][\/vc_column][\/vc_row]<\/p>\n","protected":false},"excerpt":{"rendered":"<p>[vc_row][vc_column width=&#8221;1\/2&#8243;][vc_row_inner][vc_column_inner width=&#8221;1\/3&#8243;][vc_column_text][\/vc_column_text][\/vc_column_inner][vc_column_inner width=&#8221;2\/3&#8243; last=&#8221;yes&#8221;][vc_column_text] INFO, EUROPAGES &amp; WLW T\u00fcrkiye yetkili temsilcisidir. EUROPAGES, 26 dilde yay\u0131nlanan Avrupa merkezli bir B2B platformudur. \u00dcreticiler, hizmet sa\u011flay\u0131c\u0131lar, toptanc\u0131lar ve distirib\u00fct\u00f6rler olmak \u00fczere 2,5 milyondan fazla kay\u0131tl\u0131 i\u015fletme bulunmaktad\u0131r. D\u00fcnyan\u0131n her k\u00f6\u015fesinden, ayda 2 milyondan fazla ziyaret\u00e7i \u00fcr\u00fcn, hizmet ve tedarik\u00e7i bulmak i\u00e7in bu platformu kullanmaktad\u0131r. AYRINTILI B\u0130LG\u0130 \u0130\u00c7\u0130N [&hellip;]<\/p>\n","protected":false},"author":1,"featured_media":0,"parent":0,"menu_order":0,"comment_status":"closed","ping_status":"closed","template":"","meta":{"footnotes":""},"_links":{"self":[{"href":"https:\/\/infodanismanlik.com\/tr\/wp-json\/wp\/v2\/pages\/2469"}],"collection":[{"href":"https:\/\/infodanismanlik.com\/tr\/wp-json\/wp\/v2\/pages"}],"about":[{"href":"https:\/\/infodanismanlik.com\/tr\/wp-json\/wp\/v2\/types\/page"}],"author":[{"embeddable":true,"href":"https:\/\/infodanismanlik.com\/tr\/wp-json\/wp\/v2\/users\/1"}],"replies":[{"embeddable":true,"href":"https:\/\/infodanismanlik.com\/tr\/wp-json\/wp\/v2\/comments?post=2469"}],"version-history":[{"count":53,"href":"https:\/\/infodanismanlik.com\/tr\/wp-json\/wp\/v2\/pages\/2469\/revisions"}],"predecessor-version":[{"id":3104,"href":"https:\/\/infodanismanlik.com\/tr\/wp-json\/wp\/v2\/pages\/2469\/revisions\/3104"}],"wp:attachment":[{"href":"https:\/\/infodanismanlik.com\/tr\/wp-json\/wp\/v2\/media?parent=2469"}],"curies":[{"name":"wp","href":"https:\/\/api.w.org\/{rel}","templated":true}]}}