{"id":2467,"date":"2015-12-07T14:17:01","date_gmt":"2015-12-07T12:17:01","guid":{"rendered":"http:\/\/hurkanyakay.com\/info\/engineering-2\/"},"modified":"2016-06-24T21:52:07","modified_gmt":"2016-06-24T18:52:07","slug":"engineering","status":"publish","type":"page","link":"https:\/\/infodanismanlik.com\/tr\/engineering\/","title":{"rendered":"M\u00fchendislik"},"content":{"rendered":"<p>[vc_row][vc_column width=&#8221;1\/4&#8243;][vc_column_text padding=&#8221;0px 0px 0px 0px&#8221; animate=&#8221;no&#8221; animation=&#8221;none&#8221;]<\/p>\n<p><img loading=\"lazy\" decoding=\"async\" class=\"aligncenter size-full wp-image-2409\" src=\"http:\/\/hurkanyakay.com\/info\/wp-content\/uploads\/2015\/12\/171384.jpg\" alt=\"171384\" width=\"1200\" height=\"800\" srcset=\"https:\/\/infodanismanlik.com\/wp-content\/uploads\/2015\/12\/171384.jpg 1200w, https:\/\/infodanismanlik.com\/wp-content\/uploads\/2015\/12\/171384-300x200.jpg 300w, https:\/\/infodanismanlik.com\/wp-content\/uploads\/2015\/12\/171384-1024x683.jpg 1024w\" sizes=\"(max-width: 1200px) 100vw, 1200px\" \/><\/p>\n<p>[\/vc_column_text][\/vc_column][vc_column width=&#8221;3\/4&#8243; last=&#8221;yes&#8221;][vc_column_text padding=&#8221;0px 0px 0px 0px&#8221; animate=&#8221;no&#8221; animation=&#8221;none&#8221;]\u0130NFO, Altyap\u0131 Projeleri M\u00fchendislik \u2013 Dan\u0131\u015fmanl\u0131k hizmeti vermektedir.<\/p>\n<p>\u0130NFO&#8217;nun ana faaliyet alan\u0131 in\u015faat m\u00fchendisli\u011fi \u00fczerine kurulmu\u015ftur. Hizmetlerimiz:<\/p>\n\n<ul class=\"i-list shortcode small square type-no-color\">\n<li><div><i class=\"fa fa-check\" style=\"color:#ffffff;\"><\/i><\/div><div>Kurulum\u00a0<span class=\"translation-chunk\">t<\/span><span class=\"translation-chunk\" data-align=\"37:48\">est ve<\/span> <span class=\"translation-chunk\" data-align=\"49:62\">devreye almaya<\/span><span class=\"translation-chunk\">\u00a0<span class=\"translation-chunk\" data-align=\"13:22\">dahil<\/span>\u00a0<span class=\"translation-chunk\" data-align=\"0:12\">in\u015faat i\u015fleri<\/span><span class=\"translation-chunk\">, <\/span><\/span><\/div><\/li>\n<li><div><i class=\"fa fa-check\" style=\"color:#ffffff;\"><\/i><\/div><div>Teknik dan\u0131\u015fmanl\u0131k ve teknik destek,<\/div><\/li>\n<li><div><i class=\"fa fa-check\" style=\"color:#ffffff;\"><\/i><\/div><div><span class=\"translation-chunk\" data-align=\"0:19\">Fizibilite \u00e7al\u0131\u015fmalar\u0131<\/span> <span class=\"translation-chunk\" data-align=\"20:38\">ve uygulama<\/span>\u00a0p<span class=\"translation-chunk\" data-align=\"39:47\">rojeleri<\/span><\/div><\/li>\n<li><div><i class=\"fa fa-check\" style=\"color:#ffffff;\"><\/i><\/div><div>Proje y\u00f6netimi,<\/div><\/li>\n<li><div><i class=\"fa fa-check\" style=\"color:#ffffff;\"><\/i><\/div><div>Denetleme ve koordine i\u015fleri,<\/div><\/li>\n<li><div><i class=\"fa fa-check\" style=\"color:#ffffff;\"><\/i><\/div><div>\u0130hale dan\u0131\u015fmanl\u0131\u011f\u0131.<\/div><\/li>\n<\/ul>\n[\/vc_column_text][\/vc_column][\/vc_row][vc_row][vc_column width=&#8221;1\/1&#8243;][vc_column_text padding=&#8221;0px 0px 0px 0px&#8221; animate=&#8221;no&#8221; animation=&#8221;none&#8221;]<\/p>\n<h3>M\u00fchendislik ve \u0130n\u015faat\u00a0Faaliyet\u00a0Alanlar\u0131m\u0131z<\/h3>\n<p>[\/vc_column_text]<div class=\"splitter ninzio-clearfix textured\" style=\"margin-top:20px; margin-bottom:20px;\">&nbsp;<\/div>[\/vc_column][\/vc_row][vc_row][vc_column width=&#8221;1\/3&#8243;][vc_column_text padding=&#8221;0px 0px 0px 0px&#8221; animate=&#8221;no&#8221; animation=&#8221;none&#8221;]\n<ul class=\"i-list shortcode small square type-no-color\">\n<li><div><i class=\"fa fa-check\" style=\"color:#ffffff;\"><\/i><\/div><div><span class=\"translation-chunk\" data-align=\"0:14\">Altyap\u0131<\/span> <span class=\"translation-chunk\" data-align=\"15:21\">Tasar\u0131m<\/span> <span class=\"translation-chunk\" data-align=\"22:25\">ve<\/span> <span class=\"translation-chunk\" data-align=\"26:38\">\u0130n\u015faat<\/span><\/div><\/li>\n<li><div><i class=\"fa fa-check\" style=\"color:#ffffff;\"><\/i><\/div><div><span class=\"translation-chunk\" data-align=\"0:14\">\u00dcstyap\u0131<\/span> <span class=\"translation-chunk\" data-align=\"15:21\">Tasar\u0131m<\/span> <span class=\"translation-chunk\" data-align=\"22:25\">ve<\/span> <span class=\"translation-chunk\" data-align=\"26:38\">\u0130n\u015faat<\/span><\/div><\/li>\n<li><div><i class=\"fa fa-check\" style=\"color:#ffffff;\"><\/i><\/div><div><span class=\"translation-chunk\" data-align=\"0:3\">Baraj<\/span> <span class=\"translation-chunk\" data-align=\"4:10\">Tasar\u0131m<\/span> <span class=\"translation-chunk\" data-align=\"11:14\">ve<\/span> <span class=\"translation-chunk\" data-align=\"15:27\">\u0130n\u015faat<\/span><\/div><\/li>\n<li><div><i class=\"fa fa-check\" style=\"color:#ffffff;\"><\/i><\/div><div><span class=\"translation-chunk\" data-align=\"0:8\">Bas\u0131n\u00e7<\/span> <span class=\"translation-chunk\" data-align=\"9:18\">Azaltma<\/span> <span class=\"translation-chunk\" data-align=\"19:27\">\u0130stasyonlar\u0131<\/span><\/div><\/li>\n<li><div><i class=\"fa fa-check\" style=\"color:#ffffff;\"><\/i><\/div><div><span class=\"translation-chunk\" data-align=\"19:27\"><span class=\"translation-chunk\" data-align=\"19:27\"><span class=\"translation-chunk\" data-align=\"0:5\">G\u00fc\u00e7<\/span> <span class=\"translation-chunk\" data-align=\"6:24\">\u0130letim Hatlar\u0131\u00a0<\/span><\/span><\/span><\/div><\/li>\n<li><div><i class=\"fa fa-check\" style=\"color:#ffffff;\"><\/i><\/div><div><span class=\"translation-chunk\" data-align=\"19:27\"><span class=\"translation-chunk\" data-align=\"19:27\"><span class=\"translation-chunk\" data-align=\"6:24\"><span class=\"translation-chunk\" data-align=\"0:3\">Gaz<\/span> <span class=\"translation-chunk\" data-align=\"4:16\">\u0130letim<\/span> <span class=\"translation-chunk\" data-align=\"17:20\">ve<\/span> <span class=\"translation-chunk\" data-align=\"21:33\">Da\u011f\u0131t\u0131m<\/span> <span class=\"translation-chunk\" data-align=\"34:43\">Boru hatlar\u0131<\/span><\/span><\/span><\/span><\/div><\/li>\n<\/ul>\n[\/vc_column_text][\/vc_column][vc_column width=&#8221;1\/3&#8243;][vc_column_text padding=&#8221;0px 0px 0px 0px&#8221; animate=&#8221;no&#8221; animation=&#8221;none&#8221;]\n<ul class=\"i-list shortcode small square type-no-color\">\n<li><div><i class=\"fa fa-check\" style=\"color:#ffffff;\"><\/i><\/div><div>Yol \u0130n\u015faat\u0131<\/div><\/li>\n<li><div><i class=\"fa fa-check\" style=\"color:#ffffff;\"><\/i><\/div><div>K\u00f6pr\u00fc \u0130n\u015faat\u0131<\/div><\/li>\n<li><div><i class=\"fa fa-check\" style=\"color:#ffffff;\"><\/i><\/div><div>Su Besleme Sistemleri<\/div><\/li>\n<li><div><i class=\"fa fa-check\" style=\"color:#ffffff;\"><\/i><\/div><div>T\u00fcrev Kanallar\u0131<\/div><\/li>\n<li><div><i class=\"fa fa-check\" style=\"color:#ffffff;\"><\/i><\/div><div>Ova Sulamalar\u0131<\/div><\/li>\n<li><div><i class=\"fa fa-check\" style=\"color:#ffffff;\"><\/i><\/div><div>Pompa \u0130stasyonlar\u0131<\/div><\/li>\n<\/ul>\n[\/vc_column_text][\/vc_column][vc_column width=&#8221;1\/3&#8243; last=&#8221;yes&#8221;][vc_column_text padding=&#8221;0px 0px 0px 0px&#8221; animate=&#8221;no&#8221; animation=&#8221;none&#8221;]\n<ul class=\"i-list shortcode small square type-no-color\">\n<li><div><i class=\"fa fa-check\" style=\"color:#ffffff;\"><\/i><\/div><div><span class=\"translation-chunk\" data-align=\"0:4\">Y\u00fcksek<\/span> <span class=\"translation-chunk\" data-align=\"5:34\">G\u00fcvenlik S\u00fcrg\u00fcl\u00fc Kap\u0131lar\u0131 Tasar\u0131m\u0131 ve<\/span>\u00a0<span class=\"translation-chunk\" data-align=\"38:50\">\u0130n\u015faat\u0131<\/span><\/div><\/li>\n<li><div><i class=\"fa fa-check\" style=\"color:#ffffff;\"><\/i><\/div><div>Sel Kontrol Yap\u0131lar\u0131<\/div><\/li>\n<li><div><i class=\"fa fa-check\" style=\"color:#ffffff;\"><\/i><\/div><div>Kanalizasyon Sistemleri<\/div><\/li>\n<li><div><i class=\"fa fa-check\" style=\"color:#ffffff;\"><\/i><\/div><div>Nehir islah\u0131<\/div><\/li>\n<li><div><i class=\"fa fa-check\" style=\"color:#ffffff;\"><\/i><\/div><div>\u00c7elik \u00fcretimi, \u00e7elik i\u015fleri<\/div><\/li>\n<li><div><i class=\"fa fa-check\" style=\"color:#ffffff;\"><\/i><\/div><div>Su tanklar\u0131 ve depolar\u0131<\/div><\/li>\n<\/ul>\n\n<p>.[\/vc_column_text][\/vc_column][\/vc_row]<\/p>\n","protected":false},"excerpt":{"rendered":"<p>[vc_row][vc_column width=&#8221;1\/4&#8243;][vc_column_text padding=&#8221;0px 0px 0px 0px&#8221; animate=&#8221;no&#8221; animation=&#8221;none&#8221;] [\/vc_column_text][\/vc_column][vc_column width=&#8221;3\/4&#8243; last=&#8221;yes&#8221;][vc_column_text padding=&#8221;0px 0px 0px 0px&#8221; animate=&#8221;no&#8221; animation=&#8221;none&#8221;]\u0130NFO, Altyap\u0131 Projeleri M\u00fchendislik \u2013 Dan\u0131\u015fmanl\u0131k hizmeti vermektedir. \u0130NFO&#8217;nun ana faaliyet alan\u0131 in\u015faat m\u00fchendisli\u011fi \u00fczerine kurulmu\u015ftur. Hizmetlerimiz: [\/vc_column_text][\/vc_column][\/vc_row][vc_row][vc_column width=&#8221;1\/1&#8243;][vc_column_text padding=&#8221;0px 0px 0px 0px&#8221; animate=&#8221;no&#8221; animation=&#8221;none&#8221;] M\u00fchendislik ve \u0130n\u015faat\u00a0Faaliyet\u00a0Alanlar\u0131m\u0131z [\/vc_column_text][\/vc_column][\/vc_row][vc_row][vc_column width=&#8221;1\/3&#8243;][vc_column_text padding=&#8221;0px 0px 0px 0px&#8221; animate=&#8221;no&#8221; animation=&#8221;none&#8221;][\/vc_column_text][\/vc_column][vc_column width=&#8221;1\/3&#8243;][vc_column_text padding=&#8221;0px 0px [&hellip;]<\/p>\n","protected":false},"author":1,"featured_media":0,"parent":0,"menu_order":0,"comment_status":"closed","ping_status":"closed","template":"","meta":{"footnotes":""},"_links":{"self":[{"href":"https:\/\/infodanismanlik.com\/tr\/wp-json\/wp\/v2\/pages\/2467"}],"collection":[{"href":"https:\/\/infodanismanlik.com\/tr\/wp-json\/wp\/v2\/pages"}],"about":[{"href":"https:\/\/infodanismanlik.com\/tr\/wp-json\/wp\/v2\/types\/page"}],"author":[{"embeddable":true,"href":"https:\/\/infodanismanlik.com\/tr\/wp-json\/wp\/v2\/users\/1"}],"replies":[{"embeddable":true,"href":"https:\/\/infodanismanlik.com\/tr\/wp-json\/wp\/v2\/comments?post=2467"}],"version-history":[{"count":8,"href":"https:\/\/infodanismanlik.com\/tr\/wp-json\/wp\/v2\/pages\/2467\/revisions"}],"predecessor-version":[{"id":2644,"href":"https:\/\/infodanismanlik.com\/tr\/wp-json\/wp\/v2\/pages\/2467\/revisions\/2644"}],"wp:attachment":[{"href":"https:\/\/infodanismanlik.com\/tr\/wp-json\/wp\/v2\/media?parent=2467"}],"curies":[{"name":"wp","href":"https:\/\/api.w.org\/{rel}","templated":true}]}}