{"id":2464,"date":"2015-12-11T16:23:28","date_gmt":"2015-12-11T14:23:28","guid":{"rendered":"http:\/\/hurkanyakay.com\/info\/partners-2\/"},"modified":"2018-10-27T14:57:38","modified_gmt":"2018-10-27T11:57:38","slug":"partners","status":"publish","type":"page","link":"https:\/\/infodanismanlik.com\/tr\/partners\/","title":{"rendered":"\u0130\u015f Ortaklar\u0131"},"content":{"rendered":"<p>[vc_row][vc_column]<div id=\"clients-1\" class=\"ca-container ninzio-clearfix autoplay-yes carousel-yes\"><div class=\"ca-controls hidden ninzio-clearfix\"><span class=\"ca-nav-prev\">Previous<\/span><span class=\"ca-nav-next\">Next<\/span><\/div><div class=\"carousel-container-wrapper\"><div class=\"clients-container ca-wrapper ninzio-clearfix  columns columns-4\"><article class=\"ca-item\" title=\"Wer Liefert Was\"><div class='client'><a href=\"https:\/\/www.wlw.de\/en\/home\" title=\"Wer Liefert Was\" target=\"_blank\"><img decoding=\"async\" src=\"https:\/\/infodanismanlik.com\/wp-content\/uploads\/2018\/09\/wlw_basislogo.jpg\" alt=\"Wer Liefert Was\" \/><\/a><\/div><\/article><article class=\"ca-item\" title=\"Europages\"><div class='client'><a href=\"http:\/\/www.europages.com\/\" title=\"Europages\" target=\"_self\"><img decoding=\"async\" src=\"https:\/\/infodanismanlik.com\/wp-content\/uploads\/2014\/04\/europages-official-partner.png\" alt=\"Europages\" \/><\/a><\/div><\/article><article class=\"ca-item\" title=\"Bestar\"><div class='client'><a href=\"http:\/\/www.bestartubes.com\" title=\"Bestar\" target=\"_blank\"><img decoding=\"async\" src=\"https:\/\/infodanismanlik.com\/wp-content\/uploads\/2015\/12\/bestar.jpg\" alt=\"Bestar\" \/><\/a><\/div><\/article><article class=\"ca-item\" title=\"Jilin Senfeng Pipe \"><div class='client'><a href=\"http:\/\/www.jilinpipe.com\/ \" title=\"Jilin Senfeng Pipe \" target=\"_blank\"><img decoding=\"async\" src=\"https:\/\/infodanismanlik.com\/wp-content\/uploads\/2016\/07\/Jilin-Logo75.png\" alt=\"Jilin Senfeng Pipe \" \/><\/a><\/div><\/article><article class=\"ca-item\" title=\"Wuxi Huayou Special Steel\"><div class='client'><a href=\"http:\/\/www.wxhytg.com\/Enproduct.asp \" title=\"Wuxi Huayou Special Steel\" target=\"_self\"><img decoding=\"async\" src=\"https:\/\/infodanismanlik.com\/wp-content\/uploads\/2016\/07\/Huayou75.png\" alt=\"Wuxi Huayou Special Steel\" \/><\/a><\/div><\/article><\/div><\/div><\/div>[\/vc_column][\/vc_row][vc_row][vc_column]<div class=\"splitter ninzio-clearfix textured\" style=\"margin-top:20px; margin-bottom:20px;\">&nbsp;<\/div>[\/vc_column][\/vc_row]<\/p>\n","protected":false},"excerpt":{"rendered":"<p>[vc_row][vc_column][\/vc_column][\/vc_row][vc_row][vc_column][\/vc_column][\/vc_row]<\/p>\n","protected":false},"author":1,"featured_media":0,"parent":0,"menu_order":0,"comment_status":"closed","ping_status":"closed","template":"","meta":{"footnotes":""},"_links":{"self":[{"href":"https:\/\/infodanismanlik.com\/tr\/wp-json\/wp\/v2\/pages\/2464"}],"collection":[{"href":"https:\/\/infodanismanlik.com\/tr\/wp-json\/wp\/v2\/pages"}],"about":[{"href":"https:\/\/infodanismanlik.com\/tr\/wp-json\/wp\/v2\/types\/page"}],"author":[{"embeddable":true,"href":"https:\/\/infodanismanlik.com\/tr\/wp-json\/wp\/v2\/users\/1"}],"replies":[{"embeddable":true,"href":"https:\/\/infodanismanlik.com\/tr\/wp-json\/wp\/v2\/comments?post=2464"}],"version-history":[{"count":20,"href":"https:\/\/infodanismanlik.com\/tr\/wp-json\/wp\/v2\/pages\/2464\/revisions"}],"predecessor-version":[{"id":3072,"href":"https:\/\/infodanismanlik.com\/tr\/wp-json\/wp\/v2\/pages\/2464\/revisions\/3072"}],"wp:attachment":[{"href":"https:\/\/infodanismanlik.com\/tr\/wp-json\/wp\/v2\/media?parent=2464"}],"curies":[{"name":"wp","href":"https:\/\/api.w.org\/{rel}","templated":true}]}}