{"id":2456,"date":"2015-11-28T14:50:15","date_gmt":"2015-11-28T12:50:15","guid":{"rendered":"http:\/\/hurkanyakay.com\/info\/overview-2\/"},"modified":"2019-05-16T14:50:54","modified_gmt":"2019-05-16T11:50:54","slug":"overview","status":"publish","type":"page","link":"https:\/\/infodanismanlik.com\/tr\/overview\/","title":{"rendered":"Genel Bak\u0131\u015f"},"content":{"rendered":"<p>[vc_row][vc_column][vc_column_text]<\/p>\n<h3><strong><span style=\"color: #31c362;\">Biz Kimiz?<\/span><\/strong><\/h3>\n<p>&nbsp;<\/p>\n<p>\u0130NFO Dan\u0131\u015fmanl\u0131k M\u00fchendislik Tic.Ltd.\u015eti. 1994 y\u0131l\u0131nda Taahh\u00fct, M\u00fchendislik ve Dan\u0131\u015fmanl\u0131k alanlar\u0131nda hizmet vermek amac\u0131yla kurulmu\u015ftur.<\/p>\n<p>1995\u2019den beri, Europages T\u00fcrkiye temsilcisidir.<\/p>\n<p>1995-2013 y\u0131llar\u0131 aras\u0131nda, \u0130MA Gruba altyap\u0131 ve \u00fcstyap\u0131 s\u00f6zle\u015fmelerinde m\u00fchendislik hizmeti verdi.<\/p>\n<p>2004 y\u0131l\u0131nda, enerji yat\u0131r\u0131mlar\u0131na \u00f6ncelik vermi\u015ftir.<\/p>\n<p>2008 y\u0131l\u0131nda, ilk yurtd\u0131\u015f\u0131 m\u00fchendislik hizmeti anla\u015fmas\u0131n\u0131, Libya &#8211; Tripoli\u00a0Do\u011falgaz\u00a0\u0130letim\u00a0ve\u00a0Da\u011f\u0131t\u0131m\u00a0Sistemi\u00a0\u0130n\u015faat\u00a0S\u00f6zle\u015fmesi i\u00e7in yapt\u0131.<\/p>\n<p><span class=\"translation-chunk\" data-align=\"11:49\">2014 y\u0131l\u0131nda, <\/span><span class=\"translation-chunk\" data-align=\"123:155\">yeniden yap\u0131lanma s\u00fcreci \u00e7ev\u00e7evesinde\u00a0\u00fcretim ve d\u0131\u015f ticaret alanlar\u0131nda faaliyete<\/span>\u00a0<span class=\"translation-chunk\" data-align=\"50:55\">ba\u015flam\u0131\u015ft\u0131r<\/span><span class=\"translation-chunk\">.<\/span>[\/vc_column_text]<div class=\"splitter ninzio-clearfix solid\" style=\"margin-top:20px; margin-bottom:20px;border-bottom-color:#c4c4c4;\">&nbsp;<\/div>[vc_column_text]<\/p>\n<h3><\/h3>\n<h3><span style=\"color: #31c362;\"><b>Ne Yap\u0131yoruz?<\/b><\/span><\/h3>\n<p>&nbsp;<\/p>\n<p>Uzmanl\u0131\u011f\u0131m\u0131z:<\/p>\n<ul>\n<li>Altyap\u0131 Projeleri M\u00fchendislik \u2013 Dan\u0131\u015fmanl\u0131k Hizmeti,<\/li>\n<li>D\u0131\u015f Ticaret,<\/li>\n<li>KOB\u0130 Dan\u0131\u015fmanl\u0131\u011f\u0131.<\/li>\n<\/ul>\n<p id=\"translation\" class=\"textinput textlayer translation state-fadeaway\" tabindex=\"1\">Taahh\u00fct firmalar\u0131na, Barajlar, Do\u011falgaz Boru Hatlar\u0131 ve \u00a0Bas\u0131n\u00e7\u00a0D\u00fc\u015f\u00fcrme\u00a0\u0130stasyonlar\u0131,\u00a0\u0130\u00e7mesuyu Boru Hatlar\u0131-Depolar\u0131 ve Pompa \u0130stasyonlar\u0131, T\u00fcneller, Ova Sulama Projeleri,\u00a0Yol ve K\u00f6pr\u00fc\u00a0\u0130n\u015faatlar\u0131, Kanalizasyon ve Ya\u011fmursuyu Hatlar\u0131 \u0130n\u015faatlar\u0131 S\u00f6zle\u015fmelerinde M\u00fchendislik ve M\u00fc\u015favirlik\u00a0hizmeti verilmektedir. \u00d6zellikle, Devlet Su \u0130\u015fleri Genel M\u00fcd\u00fcrl\u00fc\u011f\u00fc (DS\u0130), Karayollar\u0131 Genel M\u00fcd\u00fcrl\u00fc\u011f\u00fc (KGM) ve \u00c7e\u015fitli Kurum ve Belediyelerle \u00e7al\u0131\u015f\u0131lmaktad\u0131r.<\/p>\n<p id=\"translation\" class=\"textinput textlayer translation state-fadeaway\" tabindex=\"1\"><span class=\"translation-chunk\" data-align=\"76:96\">Yabanc\u0131 \u015firketlerin T\u00fcrkiye temsilcili\u011fi,<\/span> <span class=\"translation-chunk\" data-align=\"22:75\">\u00e7elik \u00fcr\u00fcnler\u00a0<\/span><span class=\"translation-chunk\" data-align=\"0:10\">\u00fcretim<\/span> <span class=\"translation-chunk\" data-align=\"11:14\">ve<\/span> <span class=\"translation-chunk\" data-align=\"15:21\">ihracat\u0131<\/span> <span class=\"translation-chunk\" data-align=\"111:137\">D\u0131\u015f Ticaret Grubumuz taraf\u0131ndan<\/span> <span class=\"translation-chunk\" data-align=\"97:110\">yap\u0131lmaktad\u0131r<\/span><span class=\"translation-chunk\">.<\/span><\/p>\n<p>Yabanc\u0131 \u015firketler i\u00e7in \u00e7e\u015fitli konularda Fizibilite Raporlar\u0131 haz\u0131rlanmakta ve Pazar Ara\u015ft\u0131rmalar\u0131 y\u00fcr\u00fct\u00fclmektedir.[\/vc_column_text][\/vc_column][\/vc_row]<\/p>\n","protected":false},"excerpt":{"rendered":"<p>[vc_row][vc_column][vc_column_text] Biz Kimiz? &nbsp; \u0130NFO Dan\u0131\u015fmanl\u0131k M\u00fchendislik Tic.Ltd.\u015eti. 1994 y\u0131l\u0131nda Taahh\u00fct, M\u00fchendislik ve Dan\u0131\u015fmanl\u0131k alanlar\u0131nda hizmet vermek amac\u0131yla kurulmu\u015ftur. 1995\u2019den beri, Europages T\u00fcrkiye temsilcisidir. 1995-2013 y\u0131llar\u0131 aras\u0131nda, \u0130MA Gruba altyap\u0131 ve \u00fcstyap\u0131 s\u00f6zle\u015fmelerinde m\u00fchendislik hizmeti verdi. 2004 y\u0131l\u0131nda, enerji yat\u0131r\u0131mlar\u0131na \u00f6ncelik vermi\u015ftir. 2008 y\u0131l\u0131nda, ilk yurtd\u0131\u015f\u0131 m\u00fchendislik hizmeti anla\u015fmas\u0131n\u0131, Libya &#8211; Tripoli\u00a0Do\u011falgaz\u00a0\u0130letim\u00a0ve\u00a0Da\u011f\u0131t\u0131m\u00a0Sistemi\u00a0\u0130n\u015faat\u00a0S\u00f6zle\u015fmesi i\u00e7in yapt\u0131. 2014 [&hellip;]<\/p>\n","protected":false},"author":1,"featured_media":0,"parent":0,"menu_order":0,"comment_status":"closed","ping_status":"closed","template":"","meta":{"footnotes":""},"_links":{"self":[{"href":"https:\/\/infodanismanlik.com\/tr\/wp-json\/wp\/v2\/pages\/2456"}],"collection":[{"href":"https:\/\/infodanismanlik.com\/tr\/wp-json\/wp\/v2\/pages"}],"about":[{"href":"https:\/\/infodanismanlik.com\/tr\/wp-json\/wp\/v2\/types\/page"}],"author":[{"embeddable":true,"href":"https:\/\/infodanismanlik.com\/tr\/wp-json\/wp\/v2\/users\/1"}],"replies":[{"embeddable":true,"href":"https:\/\/infodanismanlik.com\/tr\/wp-json\/wp\/v2\/comments?post=2456"}],"version-history":[{"count":25,"href":"https:\/\/infodanismanlik.com\/tr\/wp-json\/wp\/v2\/pages\/2456\/revisions"}],"predecessor-version":[{"id":3108,"href":"https:\/\/infodanismanlik.com\/tr\/wp-json\/wp\/v2\/pages\/2456\/revisions\/3108"}],"wp:attachment":[{"href":"https:\/\/infodanismanlik.com\/tr\/wp-json\/wp\/v2\/media?parent=2456"}],"curies":[{"name":"wp","href":"https:\/\/api.w.org\/{rel}","templated":true}]}}