{"id":1678,"date":"2014-04-16T10:50:42","date_gmt":"2014-04-16T10:50:42","guid":{"rendered":"http:\/\/infodanismanlik.com\/?page_id=1678"},"modified":"2019-05-16T14:49:07","modified_gmt":"2019-05-16T11:49:07","slug":"home","status":"publish","type":"page","link":"https:\/\/infodanismanlik.com\/tr\/","title":{"rendered":"Home"},"content":{"rendered":"<p>[vc_row padding_top=&#8221;25&#8243;][vc_column]<div id=\"content-box-1\" class=\"child-element-shortcode content-box v2 animate-yes ninzio-clearfix columns-3\"><div id=\"box-1\" class=\"box\"><style scoped>#box-1 .icon-wrap {background-color:#31c362;}.content-box.v1 #box-1:hover {background-color:#31c362;}.content-box.v1 #box-1:hover .icon-wrap i {color:#31c362!important;}.content-box #box-1 .icon-wrap-border {border-color:rgba(49,195,98,0.7);}<\/style><div class=\"icon-container\"><div class=\"icon-wrap-border\"><div class=\"icon-wrap\"><i class=\"fa fa-hand-o-right\"><\/i><\/div><\/div><\/div><div class='box-text'><h4 class=\"box-title\">Biz Kimiz?<\/h4><p class=\"box-content\"><br \/>\n\u0130NFO Dan\u0131\u015fmanl\u0131k M\u00fchendislik Ltd.\u015eti., 1994 y\u0131l\u0131nda Altyap\u0131, M\u00fchendislik ve Dan\u0131\u015fmanl\u0131k alanlar\u0131nda hizmet vermek i\u00e7in kurulmu\u015ftur.<\/p>\n<p><\/p><a href=\"http:\/\/infodanismanlik.com\/overview\/\" class=\"button small box-read-more\">Daha Fazlas\u0131...<i class=\"fa fa-angle-right\"><\/i><\/a><\/div><\/div><div id=\"box-2\" class=\"box\"><style scoped>#box-2 .icon-wrap {background-color:#31c362;}.content-box.v1 #box-2:hover {background-color:#31c362;}.content-box.v1 #box-2:hover .icon-wrap i {color:#31c362!important;}.content-box #box-2 .icon-wrap-border {border-color:rgba(49,195,98,0.7);}<\/style><div class=\"icon-container\"><div class=\"icon-wrap-border\"><div class=\"icon-wrap\"><i class=\"fa fa-thumbs-o-up\"><\/i><\/div><\/div><\/div><div class='box-text'><h4 class=\"box-title\">Biz ne yap\u0131yoruz?<\/h4><p class=\"box-content\">Uzmanl\u0131klar\u0131m\u0131z:<br \/>\n\u0130n\u015faat ve M\u00fchendislik Dan\u0131\u015fmanl\u0131\u011f\u0131<br \/>\nY\u00f6netim Dan\u0131\u015fmanl\u0131\u011f\u0131.<br \/>\nD\u0131\u015f Ticaret.<\/p><a href=\"http:\/\/infodanismanlik.com\/overview\/\" class=\"button small box-read-more\">Daha Fazlas\u0131...<i class=\"fa fa-angle-right\"><\/i><\/a><\/div><\/div><div id=\"box-3\" class=\"box\"><style scoped>#box-3 .icon-wrap {background-color:#31c362;}.content-box.v1 #box-3:hover {background-color:#31c362;}.content-box.v1 #box-3:hover .icon-wrap i {color:#31c362!important;}.content-box #box-3 .icon-wrap-border {border-color:rgba(49,195,98,0.7);}<\/style><div class=\"icon-container\"><div class=\"icon-wrap-border\"><div class=\"icon-wrap\"><i class=\"fa fa-bar-chart\"><\/i><\/div><\/div><\/div><div class='box-text'><h4 class=\"box-title\">Biz Ne Hedefliyoruz?<\/h4><p class=\"box-content\"><\/p>\n<p>Amac\u0131m\u0131z, m\u00fc\u015fterilerimize global \u00f6l\u00e7ekte uzun vadeli dan\u0131\u015fmanl\u0131k hizmeti vermektir. Ba\u015far\u0131m\u0131z, m\u00fc\u015fterilerimiz i\u00e7in ne kadar iyi \u00e7al\u0131\u015ft\u0131\u011f\u0131m\u0131za ba\u011fl\u0131d\u0131r.<\/p>\n<p><\/p><a href=\"http:\/\/infodanismanlik.com\/overview\/\" class=\"button small box-read-more\">Daha Fazlas\u0131...<i class=\"fa fa-angle-right\"><\/i><\/a><\/div><\/div><\/div>[\/vc_column][\/vc_row][vc_row][vc_column]<div id=\"ninzio-carousel-1\" class=\"child-element-shortcode ninzio-carousel ca-container ninzio-clearfix autoplay-yes carousel-yes\"><div class=\"ca-controls hidden ninzio-clearfix\"><span class=\"ca-nav-prev\">Previous<\/span><span class=\"ca-nav-next\">Next<\/span><\/div><div class=\"carousel-container-wrapper\"><div class=\"carousel-container ca-wrapper ninzio-clearfix  columns columns-2\"><div class=\"ca-item carousel-item\"><\/p>\n<h1><\/h1>\n<h1 style=\"text-align: left;\"><span style=\"color: #808080;\"><strong>Ho\u015fgeldiniz&#8230;<\/strong><\/span><\/h1>\n<div class=\"splitter ninzio-clearfix solid\" style=\"margin-top:25px; margin-bottom:25px;\">&nbsp;<\/div>\n<div class='ninzio-gap inline-ninzio-clearfix' style='height:25px'>&nbsp;<\/div>\n<div>\n<p><strong>\u0130NFO Dan\u0131\u015fmanl\u0131k M\u00fchendislik Tic.Ltd.\u015eti.,T\u00fcrkiye ve\u00a0uluslaras\u0131 piyasalarda \u0130n\u015faat,\u00a0M\u00fchendislik, KOB\u0130 Dan\u0131\u015fmanl\u0131\u011f\u0131 ve\u00a0D\u0131\u015f Ticaret\u00a0alanlar\u0131nda\u00a025 y\u0131ll\u0131k deneyime\u00a0sahiptir.<\/strong><\/p>\n<p id=\"translation\" class=\"textinput textlayer translation state-fadeaway\" tabindex=\"1\"><span class=\"translation-chunk\" data-align=\"13:42\">Sorumluluklar\u0131n\u0131n bilincinde<\/span>\u00a0bir<strong> \u015firket<\/strong> <span class=\"translation-chunk\" data-align=\"0:2\">olarak<\/span><span class=\"translation-chunk\">, <\/span><span class=\"translation-chunk\" data-align=\"44:58\">faaliyetlerimiz<\/span>\u00a0<span class=\"translation-chunk\" data-align=\"59:202\">M\u00fc\u015fteri Memnuniyeti, Mevzuat Ve D\u00fczenlemelere Uygunluk, Dayan\u0131kl\u0131l\u0131k, <strong>Etik \u0130lkeler<\/strong>, G\u00fcven ve Kalite <strong>dikkate al\u0131narak y\u00f6nlendirilir.<\/strong><\/span><\/p>\n<\/div>\n<p><\/div><div class=\"ca-item carousel-item\"><\/p>\n<p><img loading=\"lazy\" decoding=\"async\" class=\"aligncenter size-full wp-image-2617\" src=\"http:\/\/infodanismanlik.com\/wp-content\/uploads\/2014\/04\/info-beyin-tr.png\" alt=\"info beyin-tr\" width=\"450\" height=\"291\" srcset=\"https:\/\/infodanismanlik.com\/wp-content\/uploads\/2014\/04\/info-beyin-tr.png 450w, https:\/\/infodanismanlik.com\/wp-content\/uploads\/2014\/04\/info-beyin-tr-300x194.png 300w\" sizes=\"(max-width: 450px) 100vw, 450px\" \/><\/p>\n<p><\/div><\/div><\/div><\/div>[\/vc_column][\/vc_row][vc_row][vc_column][vc_column_text]<\/p>\n<h1 class=\"title textleft style1 divider-dark divider-default color-default\" style=\"text-align: left;\"><strong><span style=\"color: #999999;\">De\u011ferlerimiz..<\/span><\/strong><\/h1>\n<div class=\"splitter ninzio-clearfix solid\" style=\"margin-top:25px; margin-bottom:25px;\">&nbsp;<\/div>[\/vc_column_text][vc_row_inner][vc_column_inner width=&#8221;1\/4&#8243; css=&#8221;.vc_custom_1451153349876{background-position: center !important;background-repeat: no-repeat !important;background-size: cover !important;}&#8221;][\/vc_column_inner][vc_column_inner width=&#8221;1\/4&#8243;][\/vc_column_inner][vc_column_inner width=&#8221;1\/4&#8243;][\/vc_column_inner][vc_column_inner width=&#8221;1\/4&#8243; last=&#8221;yes&#8221;][\/vc_column_inner][\/vc_row_inner][vc_row_inner][vc_column_inner width=&#8221;1\/4&#8243;][vc_column_text]<\/p>\n<p style=\"text-align: center;\"><div id=\"ninzio-cbox-1\" data-id=\"ninzio-cbox-1\" class=\"ninzio-cbox shortcode container-shortcode align-none ninzio-clearfix\" style=\"width:100%;padding:20px 20px 20px 20px;background-color:#f7f7f7;\">\n<p style=\"text-align: center;\"><i class=\"fa  medium fa-binoculars\" style=\"color:#31c362;\"><\/i>\n<h4 style=\"text-align: center;\">G\u00fcvenilirlik<\/h4>\n<p style=\"text-align: center;\"><\/div><div class=\"inline-ninzio-clearfix\"><\/div>\n<p>[\/vc_column_text][\/vc_column_inner][vc_column_inner width=&#8221;1\/4&#8243;][vc_column_text]<\/p>\n<p style=\"text-align: center;\"><div id=\"ninzio-cbox-2\" data-id=\"ninzio-cbox-2\" class=\"ninzio-cbox shortcode container-shortcode align-none ninzio-clearfix\" style=\"width:100%;padding:20px 20px 20px 20px;background-color:#f7f7f7;\">\n<p style=\"text-align: center;\"><i class=\"fa  medium fa-group\" style=\"color:#31c362;\"><\/i>\n<h4 style=\"text-align: center;\">Profesyonellik<\/h4>\n<p style=\"text-align: center;\"><\/div><div class=\"inline-ninzio-clearfix\"><\/div>\n<p>[\/vc_column_text][\/vc_column_inner][vc_column_inner width=&#8221;1\/4&#8243;][vc_column_text]<\/p>\n<p style=\"text-align: center;\"><div id=\"ninzio-cbox-3\" data-id=\"ninzio-cbox-3\" class=\"ninzio-cbox shortcode container-shortcode align-none ninzio-clearfix\" style=\"width:100%;padding:20px 20px 20px 20px;background-color:#f7f7f7;\">\n<p style=\"text-align: center;\"><i class=\"fa  medium fa-chain\" style=\"color:#31c362;\"><\/i>\n<h4 style=\"text-align: center;\">Kararl\u0131l\u0131k<\/h4>\n<p style=\"text-align: center;\"><\/div><div class=\"inline-ninzio-clearfix\"><\/div>\n<p>[\/vc_column_text][\/vc_column_inner][vc_column_inner width=&#8221;1\/4&#8243;][vc_column_text]<\/p>\n<p style=\"text-align: center;\"><div id=\"ninzio-cbox-4\" data-id=\"ninzio-cbox-4\" class=\"ninzio-cbox shortcode container-shortcode align-none ninzio-clearfix\" style=\"width:100%;padding:20px 20px 20px 20px;background-color:#f7f7f7;\">\n<p style=\"text-align: center;\"><i class=\"fa  medium fa-random\" style=\"color:#31c362;\"><\/i>\n<h4 style=\"text-align: center;\">\u0130\u015f Ortakl\u0131\u011f\u0131<\/h4>\n<p style=\"text-align: center;\"><\/div><div class=\"inline-ninzio-clearfix\"><\/div>\n<p>[\/vc_column_text][\/vc_column_inner][\/vc_row_inner][\/vc_column][\/vc_row][vc_row][vc_column][vc_column_text]<\/p>\n<h2 class=\"title textcenter style1 divider-primary divider-medium color-default\" style=\"text-align: left;\"><strong><span style=\"color: #808080;\">Referanslar<\/span><\/strong><\/h2>\n<div class=\"splitter ninzio-clearfix solid\" style=\"margin-top:25px; margin-bottom:25px;border-bottom-color:#eeeeee;\">&nbsp;<\/div>[\/vc_column_text][vc_row_inner][vc_column_inner width=&#8221;1\/4&#8243;][vc_column_text]Yandaki projeler INFO b\u00fcnyesindeki ulusal ve uluslararas\u0131 projelerden birka\u00e7\u0131n\u0131\u00a0olu\u015fturmaktad\u0131r.<\/p>\n<p>&nbsp;<\/p>\n<p>&nbsp;<\/p>\n<a class=\"button medium \" style=\"background-color:#0ABD47;\" href=\"http:\/\/infodanismanlik.com\/tr\/projects\/\" target=\"_self\">Projeler<\/a>[\/vc_column_text][\/vc_column_inner][vc_column_inner width=&#8221;3\/4&#8243; last=&#8221;yes&#8221;][vc_column_text]<\/p>\n<p><a href=\"http:\/\/infodanismanlik.com\/wp-content\/uploads\/2014\/04\/Untitled.png\"><img loading=\"lazy\" decoding=\"async\" class=\"aligncenter size-full wp-image-2672\" src=\"http:\/\/infodanismanlik.com\/wp-content\/uploads\/2014\/04\/Untitled.png\" alt=\"Untitled\" width=\"1200\" height=\"681\" srcset=\"https:\/\/infodanismanlik.com\/wp-content\/uploads\/2014\/04\/Untitled.png 1200w, https:\/\/infodanismanlik.com\/wp-content\/uploads\/2014\/04\/Untitled-300x170.png 300w, https:\/\/infodanismanlik.com\/wp-content\/uploads\/2014\/04\/Untitled-1024x581.png 1024w\" sizes=\"(max-width: 1200px) 100vw, 1200px\" \/><\/a><\/p>\n<p>[\/vc_column_text][\/vc_column_inner][\/vc_row_inner][\/vc_column][\/vc_row][vc_row background_color=&#8221;#fbfbfb&#8221; padding_top=&#8221;35&#8243; padding_bottom=&#8221;25&#8243;][vc_column][vc_column_text]<\/p>\n<h2 style=\"text-align: left;\"><span style=\"color: #919191;\"><strong>M\u00fc\u015fterilerimiz<\/strong><\/span><\/h2>\n<p>[\/vc_column_text]<div class=\"splitter ninzio-clearfix solid\" style=\"margin-top:20px; margin-bottom:20px;\">&nbsp;<\/div><div id=\"clients-1\" class=\"ca-container ninzio-clearfix autoplay-no carousel-yes\"><div class=\"ca-controls hidden ninzio-clearfix\"><span class=\"ca-nav-prev\">Previous<\/span><span class=\"ca-nav-next\">Next<\/span><\/div><div class=\"carousel-container-wrapper\"><div class=\"clients-container ca-wrapper ninzio-clearfix  columns columns-6\"><article class=\"ca-item\" title=\"\"><div class='client'><a href=\"http:\/\/infodanismanlik.com\/portfolio\/ankara-aski-water-supply-systems-construction\/\" title=\"\" target=\"_self\"><img decoding=\"async\" src=\"https:\/\/infodanismanlik.com\/wp-content\/uploads\/2014\/04\/aski.png\" alt=\"\" \/><\/a><\/div><\/article><article class=\"ca-item\" title=\"\"><div class='client'><a href=\"http:\/\/infodanismanlik.com\/portfolio\/ankara-2nd-industrial-zone-infrastructure-construction\/\" title=\"\" target=\"_self\"><img decoding=\"async\" src=\"https:\/\/infodanismanlik.com\/wp-content\/uploads\/2014\/04\/aso.png\" alt=\"\" \/><\/a><\/div><\/article><article class=\"ca-item\" title=\"\"><div class='client'><a href=\"http:\/\/infodanismanlik.com\/portfolio\/ankara-2nd-industrial-zone-infrastructure-construction\/\" title=\"\" target=\"_self\"><img decoding=\"async\" src=\"https:\/\/infodanismanlik.com\/wp-content\/uploads\/2014\/04\/botas.png\" alt=\"\" \/><\/a><\/div><\/article><article class=\"ca-item\" title=\"\"><div class='client'><a href=\"http:\/\/infodanismanlik.com\/portfolio\/road-blocker\/\" title=\"\" target=\"_self\"><img decoding=\"async\" src=\"https:\/\/infodanismanlik.com\/wp-content\/uploads\/2014\/04\/chevron.png\" alt=\"\" \/><\/a><\/div><\/article><article class=\"ca-item\" title=\"\"><div class='client'><a href=\"http:\/\/infodanismanlik.com\/portfolio-tag\/dsi-en\/\" title=\"\" target=\"_self\"><img decoding=\"async\" src=\"https:\/\/infodanismanlik.com\/wp-content\/uploads\/2014\/04\/dsi.png\" alt=\"\" \/><\/a><\/div><\/article><article class=\"ca-item\" title=\"\"><div class='client'><img decoding=\"async\" src=\"https:\/\/infodanismanlik.com\/wp-content\/uploads\/2014\/04\/garraf.png\" alt=\"\" \/><\/div><\/article><article class=\"ca-item\" title=\"\"><div class='client'><img decoding=\"async\" src=\"https:\/\/infodanismanlik.com\/wp-content\/uploads\/2014\/04\/petronas.png\" alt=\"\" \/><\/div><\/article><article class=\"ca-item\" title=\"\"><div class='client'><img decoding=\"async\" src=\"https:\/\/infodanismanlik.com\/wp-content\/uploads\/2014\/04\/sss.png\" alt=\"\" \/><\/div><\/article><article class=\"ca-item\" title=\"\"><div class='client'><img decoding=\"async\" src=\"https:\/\/infodanismanlik.com\/wp-content\/uploads\/2014\/04\/tck.png\" alt=\"\" \/><\/div><\/article><article class=\"ca-item\" title=\"\"><div class='client'><img decoding=\"async\" src=\"https:\/\/infodanismanlik.com\/wp-content\/uploads\/2014\/04\/tidco.png\" alt=\"\" \/><\/div><\/article><article class=\"ca-item\" title=\"\"><div class='client'><img decoding=\"async\" src=\"https:\/\/infodanismanlik.com\/wp-content\/uploads\/2014\/04\/urfa.png\" alt=\"\" \/><\/div><\/article><article class=\"ca-item\" title=\"\"><div class='client'><a href=\"http:\/\/infodanismanlik.com\/portfolio-tag\/asat\/\" title=\"\" target=\"_self\"><img decoding=\"async\" src=\"https:\/\/infodanismanlik.com\/wp-content\/uploads\/2014\/04\/asat.png\" alt=\"\" \/><\/a><\/div><\/article><\/div><\/div><\/div><div class='ninzio-gap inline-ninzio-clearfix' style='height:px'>&nbsp;<\/div><div class='ninzio-gap inline-ninzio-clearfix' style='height:px'>&nbsp;<\/div>[\/vc_column][\/vc_row][vc_row][vc_column][vc_column_text]<\/p>\n<h2 style=\"text-align: left;\"><span style=\"color: #919191;\"><strong>\u0130\u015f Ortaklar\u0131m\u0131z<\/strong><\/span><\/h2>\n<p>[\/vc_column_text]<div class=\"splitter ninzio-clearfix solid\" style=\"margin-top:20px; margin-bottom:20px;\">&nbsp;<\/div><div id=\"clients-2\" class=\"ca-container ninzio-clearfix autoplay-yes carousel-yes\"><div class=\"ca-controls hidden ninzio-clearfix\"><span class=\"ca-nav-prev\">Previous<\/span><span class=\"ca-nav-next\">Next<\/span><\/div><div class=\"carousel-container-wrapper\"><div class=\"clients-container ca-wrapper ninzio-clearfix  columns columns-4\"><article class=\"ca-item\" title=\"Wer Liefert Was\"><div class='client'><a href=\"https:\/\/www.wlw.de\/en\/home\" title=\"Wer Liefert Was\" target=\"_blank\"><img decoding=\"async\" src=\"https:\/\/infodanismanlik.com\/wp-content\/uploads\/2018\/09\/wlw_basislogo.jpg\" alt=\"Wer Liefert Was\" \/><\/a><\/div><\/article><article class=\"ca-item\" title=\"Europages\"><div class='client'><a href=\"http:\/\/www.europages.com\/\" title=\"Europages\" target=\"_self\"><img decoding=\"async\" src=\"https:\/\/infodanismanlik.com\/wp-content\/uploads\/2014\/04\/europages-official-partner.png\" alt=\"Europages\" \/><\/a><\/div><\/article><article class=\"ca-item\" title=\"Bestar\"><div class='client'><a href=\"http:\/\/www.bestartubes.com\" title=\"Bestar\" target=\"_blank\"><img decoding=\"async\" src=\"https:\/\/infodanismanlik.com\/wp-content\/uploads\/2015\/12\/bestar.jpg\" alt=\"Bestar\" \/><\/a><\/div><\/article><article class=\"ca-item\" title=\"Jilin Senfeng Pipe \"><div class='client'><a href=\"http:\/\/www.jilinpipe.com\/ \" title=\"Jilin Senfeng Pipe \" target=\"_blank\"><img decoding=\"async\" src=\"https:\/\/infodanismanlik.com\/wp-content\/uploads\/2016\/07\/Jilin-Logo75.png\" alt=\"Jilin Senfeng Pipe \" \/><\/a><\/div><\/article><article class=\"ca-item\" title=\"Wuxi Huayou Special Steel\"><div class='client'><a href=\"http:\/\/www.wxhytg.com\/Enproduct.asp \" title=\"Wuxi Huayou Special Steel\" target=\"_self\"><img decoding=\"async\" src=\"https:\/\/infodanismanlik.com\/wp-content\/uploads\/2016\/07\/Huayou75.png\" alt=\"Wuxi Huayou Special Steel\" \/><\/a><\/div><\/article><\/div><\/div><\/div><div class='ninzio-gap inline-ninzio-clearfix' style='height:px'>&nbsp;<\/div>[\/vc_column][\/vc_row]<\/p>\n","protected":false},"excerpt":{"rendered":"<p>[vc_row padding_top=&#8221;25&#8243;][vc_column][\/vc_column][\/vc_row][vc_row][vc_column][\/vc_column][\/vc_row][vc_row][vc_column][vc_column_text] De\u011ferlerimiz.. [\/vc_column_text][vc_row_inner][vc_column_inner width=&#8221;1\/4&#8243; css=&#8221;.vc_custom_1451153349876{background-position: center !important;background-repeat: no-repeat !important;background-size: cover !important;}&#8221;][\/vc_column_inner][vc_column_inner width=&#8221;1\/4&#8243;][\/vc_column_inner][vc_column_inner width=&#8221;1\/4&#8243;][\/vc_column_inner][vc_column_inner width=&#8221;1\/4&#8243; last=&#8221;yes&#8221;][\/vc_column_inner][\/vc_row_inner][vc_row_inner][vc_column_inner width=&#8221;1\/4&#8243;][vc_column_text] [\/vc_column_text][\/vc_column_inner][vc_column_inner width=&#8221;1\/4&#8243;][vc_column_text] [\/vc_column_text][\/vc_column_inner][vc_column_inner width=&#8221;1\/4&#8243;][vc_column_text] [\/vc_column_text][\/vc_column_inner][vc_column_inner width=&#8221;1\/4&#8243;][vc_column_text] [\/vc_column_text][\/vc_column_inner][\/vc_row_inner][\/vc_column][\/vc_row][vc_row][vc_column][vc_column_text] Referanslar [\/vc_column_text][vc_row_inner][vc_column_inner width=&#8221;1\/4&#8243;][vc_column_text]Yandaki projeler INFO b\u00fcnyesindeki ulusal ve uluslararas\u0131 projelerden birka\u00e7\u0131n\u0131\u00a0olu\u015fturmaktad\u0131r. &nbsp; &nbsp; [\/vc_column_text][\/vc_column_inner][vc_column_inner width=&#8221;3\/4&#8243; last=&#8221;yes&#8221;][vc_column_text] [\/vc_column_text][\/vc_column_inner][\/vc_row_inner][\/vc_column][\/vc_row][vc_row background_color=&#8221;#fbfbfb&#8221; padding_top=&#8221;35&#8243; padding_bottom=&#8221;25&#8243;][vc_column][vc_column_text] M\u00fc\u015fterilerimiz [\/vc_column_text][\/vc_column][\/vc_row][vc_row][vc_column][vc_column_text] \u0130\u015f Ortaklar\u0131m\u0131z [\/vc_column_text][\/vc_column][\/vc_row]<\/p>\n","protected":false},"author":1,"featured_media":323,"parent":0,"menu_order":0,"comment_status":"closed","ping_status":"closed","template":"","meta":{"footnotes":""},"_links":{"self":[{"href":"https:\/\/infodanismanlik.com\/tr\/wp-json\/wp\/v2\/pages\/1678"}],"collection":[{"href":"https:\/\/infodanismanlik.com\/tr\/wp-json\/wp\/v2\/pages"}],"about":[{"href":"https:\/\/infodanismanlik.com\/tr\/wp-json\/wp\/v2\/types\/page"}],"author":[{"embeddable":true,"href":"https:\/\/infodanismanlik.com\/tr\/wp-json\/wp\/v2\/users\/1"}],"replies":[{"embeddable":true,"href":"https:\/\/infodanismanlik.com\/tr\/wp-json\/wp\/v2\/comments?post=1678"}],"version-history":[{"count":116,"href":"https:\/\/infodanismanlik.com\/tr\/wp-json\/wp\/v2\/pages\/1678\/revisions"}],"predecessor-version":[{"id":1907,"href":"https:\/\/infodanismanlik.com\/tr\/wp-json\/wp\/v2\/pages\/1678\/revisions\/1907"}],"wp:featuredmedia":[{"embeddable":true,"href":"https:\/\/infodanismanlik.com\/tr\/wp-json\/"}],"wp:attachment":[{"href":"https:\/\/infodanismanlik.com\/tr\/wp-json\/wp\/v2\/media?parent=1678"}],"curies":[{"name":"wp","href":"https:\/\/api.w.org\/{rel}","templated":true}]}}